{"id":34293,"date":"2023-08-09T13:49:57","date_gmt":"2023-08-09T13:49:57","guid":{"rendered":"https:\/\/zinklar.com\/sobre-zinklar\/"},"modified":"2024-05-07T12:23:09","modified_gmt":"2024-05-07T12:23:09","slug":"sobre-zinklar","status":"publish","type":"page","link":"https:\/\/zinklar.com\/es\/sobre-zinklar\/","title":{"rendered":"Sobre Zinklar"},"content":{"rendered":"<div class=\"wpb-content-wrapper\"><p>[vc_row full_width=\u00bbstretch_row_content_no_spaces\u00bb el_class=\u00bbno-see\u00bb][vc_column][vc_raw_html]JTNDbGluayUyMHJlbCUzRCUyMnN0eWxlc2hlZXQlMjIlMjBocmVmJTNEJTIyJTJGd3AtY29udGVudCUyRnRoZW1lcyUyRmdlbmVyYXRlcHJlc3NfY2hpbGQlMkZhc3NldHMlMkZzdHlsZXMlMkZjc3MlMkZwYWdlX3RlbXBsYXRlX3doeXppbmtsYXIuY3NzJTIyJTNF[\/vc_raw_html][\/vc_column][\/vc_row][vc_row full_width=\u00bbstretch_row_content_no_spaces\u00bb el_class=\u00bbbanner\u00bb css=\u00bb.vc_custom_1714132871351{background-color: #e3e3e3 !important;background-position: center !important;background-repeat: no-repeat !important;background-size: cover !important;}\u00bb][vc_column][vc_row_inner][vc_column_inner][vc_empty_space height=\u00bb2rem\u00bb][vc_column_text el_class=\u00bbtitle-banner\u00bb]<\/p>\n<p style=\"text-align: center;\">El m\u00e9todo Zinklar<\/p>\n<p>[\/vc_column_text][vc_column_text el_class=\u00bbtitle-banner\u00bb]<\/p>\n<h1 style=\"text-align: center;\"><strong>Make the complex<br \/>\n<span style=\"color: #0000ff;\">simple and accessible<\/span><\/strong><\/h1>\n<p>[\/vc_column_text][\/vc_column_inner][\/vc_row_inner][\/vc_column][\/vc_row][vc_row full_width=\u00bbstretch_row_content\u00bb el_class=\u00bbbanner\u00bb css=\u00bb.vc_custom_1714132884968{background-color: #e3e3e3 !important;background-position: center !important;background-repeat: no-repeat !important;background-size: cover !important;}\u00bb][vc_column][vc_row_inner][vc_column_inner width=\u00bb2\/5&#8243;][\/vc_column_inner][vc_column_inner width=\u00bb3\/5&#8243;][vc_column_text css=\u00bb.vc_custom_1693222380027{padding-top: 20px !important;padding-right: 20px !important;padding-bottom: 30px !important;padding-left: 20px !important;background-color: #ffffff !important;border-radius: 15px !important;}\u00bb]<\/p>\n<p style=\"text-align: center;\">Poner la voz del consumidor en el centro de la toma de decisiones de todo tipo de empresas y equipos.<\/p>\n<p>[\/vc_column_text][\/vc_column_inner][\/vc_row_inner][vc_row_inner][vc_column_inner][vc_empty_space height=\u00bb2rem\u00bb][\/vc_column_inner][\/vc_row_inner][vc_row_inner][vc_column_inner width=\u00bb3\/5&#8243;][vc_column_text css=\u00bb.vc_custom_1693222415195{padding-top: 20px !important;padding-right: 20px !important;padding-bottom: 30px !important;padding-left: 20px !important;background-color: #ffffff !important;border-radius: 15px !important;}\u00bb]<\/p>\n<p style=\"text-align: center;\">Dar acceso a consumer insights de calidad a los profesionales del marketing y la investigaci\u00f3n que ponen al consumidor en el centro de su estrategia.<\/p>\n<p>[\/vc_column_text][\/vc_column_inner][vc_column_inner width=\u00bb2\/5&#8243;][\/vc_column_inner][\/vc_row_inner][vc_row_inner][vc_column_inner][vc_empty_space height=\u00bb2rem\u00bb][\/vc_column_inner][\/vc_row_inner][vc_row_inner][vc_column_inner width=\u00bb1\/2&#8243;][\/vc_column_inner][vc_column_inner width=\u00bb1\/2&#8243;][vc_column_text css=\u00bb.vc_custom_1693222436764{padding-top: 20px !important;padding-right: 20px !important;padding-bottom: 30px !important;padding-left: 20px !important;background-color: #ffffff !important;border-radius: 15px !important;}\u00bb]<\/p>\n<p style=\"text-align: center;\">Empoderar y guiar a las marcas en la gesti\u00f3n de proyectos de investigaci\u00f3n que contribuyan a desarrollar sus habilidades y liderar el \u00e9xito de su marca.<\/p>\n<p>[\/vc_column_text][\/vc_column_inner][\/vc_row_inner][\/vc_column][\/vc_row][vc_row full_width=\u00bbstretch_row_content_no_spaces\u00bb el_class=\u00bbbanner-message\u00bb css=\u00bb.vc_custom_1714132897153{background-color: #ffffff !important;background-position: center !important;background-repeat: no-repeat !important;background-size: cover !important;}\u00bb][vc_column][vc_row_inner][vc_column_inner][vc_column_text el_class=\u00bbtitle-banner\u00bb]<\/p>\n<h2 style=\"text-align: center;\"><strong>Smart research. <span style=\"color: #0000ff;\">Smart decisions<\/span><\/strong><\/h2>\n<h2 style=\"text-align: center;\"><\/h2>\n<p>[\/vc_column_text][\/vc_column_inner][\/vc_row_inner][vc_row_inner][vc_column_inner width=\u00bb1\/6&#8243;][vc_empty_space height=\u00bb2rem\u00bb][\/vc_column_inner][vc_column_inner width=\u00bb2\/3&#8243;][vc_column_text]<\/p>\n<h5 style=\"text-align: center;\">Creamos la plataforma de insights Zinklar para que las marcas puedan tomar decisiones basadas en datos poniendo al consumidor en el centro de su estrategia.<\/h5>\n<p>[\/vc_column_text][\/vc_column_inner][vc_column_inner width=\u00bb1\/6&#8243;][\/vc_column_inner][\/vc_row_inner][vc_row_inner][vc_column_inner][vc_empty_space height=\u00bb2rem\u00bb][\/vc_column_inner][\/vc_row_inner][vc_row_inner][vc_column_inner width=\u00bb1\/6&#8243;][\/vc_column_inner][vc_column_inner width=\u00bb2\/3&#8243;][vc_video link=\u00bbhttps:\/\/www.youtube.com\/watch?v=HfUIrwrOhcI\u00bb][vc_empty_space height=\u00bb2rem\u00bb][vc_empty_space height=\u00bb2rem\u00bb][\/vc_column_inner][vc_column_inner width=\u00bb1\/6&#8243;][\/vc_column_inner][\/vc_row_inner][\/vc_column][\/vc_row][vc_row css=\u00bb.vc_custom_1714132909406{background-color: #000000 !important;}\u00bb][vc_column][vc_empty_space height=\u00bb5rem\u00bb][vc_column_text]<\/p>\n<h1 style=\"text-align: center;\"><span style=\"color: #ffffff;\"><b> Lo que valoramos y nos representa<\/b><\/span><\/h1>\n<p>[\/vc_column_text][vc_empty_space height=\u00bb5rem\u00bb][vc_row_inner el_class=\u00bbicones\u00bb][vc_column_inner width=\u00bb1\/5&#8243; css=\u00bb.vc_custom_1691580197899{background-color: #ffffff !important;border-radius: 15px !important;}\u00bb][vc_single_image image=\u00bb35109&#8243; alignment=\u00bbcenter\u00bb css=\u00bb.vc_custom_1693222577485{background-position: center !important;background-repeat: no-repeat !important;background-size: cover !important;}\u00bb][vc_column_text]<\/p>\n<p style=\"text-align: center;\"><strong>Compromiso<\/strong><\/p>\n<p>[\/vc_column_text][vc_empty_space height=\u00bb2rem\u00bb][\/vc_column_inner][vc_column_inner width=\u00bb1\/5&#8243; css=\u00bb.vc_custom_1691580220979{background-color: #ffffff !important;background-position: center !important;background-repeat: no-repeat !important;background-size: cover !important;border-radius: 15px !important;}\u00bb][vc_single_image image=\u00bb35101&#8243; alignment=\u00bbcenter\u00bb][vc_column_text]<\/p>\n<p style=\"text-align: center;\"><strong>Emprendimiento<\/strong><\/p>\n<p>[\/vc_column_text][vc_empty_space height=\u00bb2rem\u00bb][\/vc_column_inner][vc_column_inner width=\u00bb1\/5&#8243; css=\u00bb.vc_custom_1691580235379{background-color: #ffffff !important;background-position: center !important;background-repeat: no-repeat !important;background-size: cover !important;border-radius: 15px !important;}\u00bb][vc_single_image image=\u00bb35107&#8243; alignment=\u00bbcenter\u00bb][vc_column_text]<\/p>\n<p style=\"text-align: center;\"><strong>Pasi\u00f3n<\/strong><\/p>\n<p>[\/vc_column_text][vc_empty_space height=\u00bb2rem\u00bb][\/vc_column_inner][vc_column_inner width=\u00bb1\/5&#8243; css=\u00bb.vc_custom_1691580252228{background-color: #ffffff !important;background-position: center !important;background-repeat: no-repeat !important;background-size: cover !important;border-radius: 15px !important;}\u00bb][vc_single_image image=\u00bb35105&#8243; alignment=\u00bbcenter\u00bb][vc_column_text]<\/p>\n<p style=\"text-align: center;\"><strong>Integridad<\/strong><\/p>\n<p>[\/vc_column_text][vc_empty_space height=\u00bb2rem\u00bb][\/vc_column_inner][vc_column_inner width=\u00bb1\/5&#8243; css=\u00bb.vc_custom_1691580272406{background-color: #ffffff !important;background-position: center !important;background-repeat: no-repeat !important;background-size: contain !important;border-radius: 15px !important;}\u00bb][vc_single_image image=\u00bb35103&#8243; alignment=\u00bbcenter\u00bb][vc_column_text]<\/p>\n<p style=\"text-align: center;\"><strong>Excelencia<\/strong><\/p>\n<p>[\/vc_column_text][vc_empty_space height=\u00bb2rem\u00bb][\/vc_column_inner][\/vc_row_inner][vc_empty_space height=\u00bb5rem\u00bb][\/vc_column][\/vc_row][vc_row css=\u00bb.vc_custom_1714132931785{background-color: #ff6369 !important;background-position: center !important;background-repeat: no-repeat !important;background-size: cover !important;}\u00bb][vc_column][vc_empty_space height=\u00bb5rem\u00bb][vc_column_text]<\/p>\n<h1 style=\"text-align: center;\"><span style=\"color: #000000;\"><strong>Buscamos a profesionales con <span style=\"color: #0000ff;\">talento y apasionados<\/span><\/strong><\/span><\/h1>\n<p>[\/vc_column_text][vc_empty_space height=\u00bb3rem\u00bb][vc_btn title=\u00bbDescubre las ofertas de empleo\u00bb style=\u00bbcustom\u00bb custom_background=\u00bb#000000&#8243; custom_text=\u00bb#ffffff\u00bb shape=\u00bbround\u00bb align=\u00bbcenter\u00bb link=\u00bburl:https%3A%2F%2Fzinklar.com%2Fes%2Fempleo%2F|title:Creaci%C3%B3n%20de%20encuestas|\u00bb el_class=\u00bbcustom-black-button\u00bb][vc_empty_space height=\u00bb3rem\u00bb][\/vc_column][\/vc_row]<\/p>\n<\/div>","protected":false},"excerpt":{"rendered":"<p>[vc_row full_width=\u00bbstretch_row_content_no_spaces\u00bb el_class=\u00bbno-see\u00bb][vc_column][vc_raw_html]JTNDbGluayUyMHJlbCUzRCUyMnN0eWxlc2hlZXQlMjIlMjBocmVmJTNEJTIyJTJGd3AtY29udGVudCUyRnRoZW1lcyUyRmdlbmVyYXRlcHJlc3NfY2hpbGQlMkZhc3NldHMlMkZzdHlsZXMlMkZjc3MlMkZwYWdlX3RlbXBsYXRlX3doeXppbmtsYXIuY3NzJTIyJTNF[\/vc_raw_html][\/vc_column][\/vc_row][vc_row full_width=\u00bbstretch_row_content_no_spaces\u00bb el_class=\u00bbbanner\u00bb css=\u00bb.vc_custom_1714132871351{background-color: #e3e3e3 !important;background-position: center !important;background-repeat: no-repeat !important;background-size: cover !important;}\u00bb][vc_column][vc_row_inner][vc_column_inner][vc_empty_space height=\u00bb2rem\u00bb][vc_column_text el_class=\u00bbtitle-banner\u00bb] El m\u00e9todo Zinklar [\/vc_column_text][vc_column_text el_class=\u00bbtitle-banner\u00bb] Make the complex simple and accessible [\/vc_column_text][\/vc_column_inner][\/vc_row_inner][\/vc_column][\/vc_row][vc_row full_width=\u00bbstretch_row_content\u00bb el_class=\u00bbbanner\u00bb css=\u00bb.vc_custom_1714132884968{background-color: #e3e3e3 !important;background-position: center !important;background-repeat: no-repeat !important;background-size: cover !important;}\u00bb][vc_column][vc_row_inner][vc_column_inner width=\u00bb2\/5&#8243;][\/vc_column_inner][vc_column_inner width=\u00bb3\/5&#8243;][vc_column_text css=\u00bb.vc_custom_1693222380027{padding-top: 20px !important;padding-right: 20px !important;padding-bottom: 30px !important;padding-left: 20px !important;background-color: #ffffff !important;border-radius: 15px !important;}\u00bb] Poner &#8230; <a title=\"Sobre Zinklar\" class=\"read-more\" href=\"https:\/\/zinklar.com\/es\/sobre-zinklar\/\" aria-label=\"Leer m\u00e1s sobre Sobre Zinklar\">Leer m\u00e1s<\/a><\/p>\n","protected":false},"author":4,"featured_media":0,"parent":0,"menu_order":0,"comment_status":"closed","ping_status":"closed","template":"","meta":{"_acf_changed":false,"_coblocks_attr":"","_coblocks_dimensions":"","_coblocks_responsive_height":"","_coblocks_accordion_ie_support":"","_crdt_document":"","footnotes":""},"class_list":["post-34293","page","type-page","status-publish"],"acf":[],"yoast_head":"<!-- This site is optimized with the Yoast SEO plugin v27.5 - https:\/\/yoast.com\/product\/yoast-seo-wordpress\/ -->\n<title>Sobre Zinklar - Zinklar<\/title>\n<meta name=\"description\" content=\"Descubre todo sobre Zinklar y domina la plataforma de investigaci\u00f3n de mercado que est\u00e1 revolucionando la industria de los insights\" \/>\n<meta name=\"robots\" content=\"index, follow, max-snippet:-1, max-image-preview:large, max-video-preview:-1\" \/>\n<link rel=\"canonical\" href=\"https:\/\/zinklar.com\/es\/sobre-zinklar\/\" \/>\n<meta property=\"og:locale\" content=\"es_ES\" \/>\n<meta property=\"og:type\" content=\"article\" \/>\n<meta property=\"og:title\" content=\"Sobre Zinklar - Zinklar\" \/>\n<meta property=\"og:description\" content=\"Descubre todo sobre Zinklar y domina la plataforma de investigaci\u00f3n de mercado que est\u00e1 revolucionando la industria de los insights\" \/>\n<meta property=\"og:url\" content=\"https:\/\/zinklar.com\/es\/sobre-zinklar\/\" \/>\n<meta property=\"og:site_name\" content=\"Zinklar\" \/>\n<meta property=\"article:modified_time\" content=\"2024-05-07T12:23:09+00:00\" \/>\n<meta name=\"twitter:card\" content=\"summary_large_image\" \/>\n<meta name=\"twitter:label1\" content=\"Tiempo de lectura\" \/>\n\t<meta name=\"twitter:data1\" content=\"3 minutos\" \/>\n<script type=\"application\/ld+json\" class=\"yoast-schema-graph\">{\"@context\":\"https:\\\/\\\/schema.org\",\"@graph\":[{\"@type\":\"WebPage\",\"@id\":\"https:\\\/\\\/zinklar.com\\\/es\\\/sobre-zinklar\\\/\",\"url\":\"https:\\\/\\\/zinklar.com\\\/es\\\/sobre-zinklar\\\/\",\"name\":\"Sobre Zinklar - Zinklar\",\"isPartOf\":{\"@id\":\"\\\/#website\"},\"datePublished\":\"2023-08-09T13:49:57+00:00\",\"dateModified\":\"2024-05-07T12:23:09+00:00\",\"description\":\"Descubre todo sobre Zinklar y domina la plataforma de investigaci\u00f3n de mercado que est\u00e1 revolucionando la industria de los insights\",\"breadcrumb\":{\"@id\":\"https:\\\/\\\/zinklar.com\\\/es\\\/sobre-zinklar\\\/#breadcrumb\"},\"inLanguage\":\"es\",\"potentialAction\":[{\"@type\":\"ReadAction\",\"target\":[\"https:\\\/\\\/zinklar.com\\\/es\\\/sobre-zinklar\\\/\"]}]},{\"@type\":\"BreadcrumbList\",\"@id\":\"https:\\\/\\\/zinklar.com\\\/es\\\/sobre-zinklar\\\/#breadcrumb\",\"itemListElement\":[{\"@type\":\"ListItem\",\"position\":1,\"name\":\"Home\",\"item\":\"https:\\\/\\\/zinklarwebsite.wpcomstaging.com\\\/es\\\/\"},{\"@type\":\"ListItem\",\"position\":2,\"name\":\"Sobre Zinklar\"}]},{\"@type\":\"WebSite\",\"@id\":\"\\\/#website\",\"url\":\"\\\/\",\"name\":\"Zinklar\",\"description\":\"\",\"publisher\":{\"@id\":\"\\\/#organization\"},\"potentialAction\":[{\"@type\":\"SearchAction\",\"target\":{\"@type\":\"EntryPoint\",\"urlTemplate\":\"\\\/?s={search_term_string}\"},\"query-input\":{\"@type\":\"PropertyValueSpecification\",\"valueRequired\":true,\"valueName\":\"search_term_string\"}}],\"inLanguage\":\"es\"},{\"@type\":\"Organization\",\"@id\":\"\\\/#organization\",\"name\":\"Zinklar\",\"url\":\"\\\/\",\"logo\":{\"@type\":\"ImageObject\",\"inLanguage\":\"es\",\"@id\":\"\\\/#\\\/schema\\\/logo\\\/image\\\/\",\"url\":\"https:\\\/\\\/zinklar.com\\\/wp-content\\\/uploads\\\/2023\\\/06\\\/white-logo.svg\",\"contentUrl\":\"https:\\\/\\\/zinklar.com\\\/wp-content\\\/uploads\\\/2023\\\/06\\\/white-logo.svg\",\"width\":115,\"height\":35,\"caption\":\"Zinklar\"},\"image\":{\"@id\":\"\\\/#\\\/schema\\\/logo\\\/image\\\/\"}}]}<\/script>\n<!-- \/ Yoast SEO plugin. -->","yoast_head_json":{"title":"Sobre Zinklar - Zinklar","description":"Descubre todo sobre Zinklar y domina la plataforma de investigaci\u00f3n de mercado que est\u00e1 revolucionando la industria de los insights","robots":{"index":"index","follow":"follow","max-snippet":"max-snippet:-1","max-image-preview":"max-image-preview:large","max-video-preview":"max-video-preview:-1"},"canonical":"https:\/\/zinklar.com\/es\/sobre-zinklar\/","og_locale":"es_ES","og_type":"article","og_title":"Sobre Zinklar - Zinklar","og_description":"Descubre todo sobre Zinklar y domina la plataforma de investigaci\u00f3n de mercado que est\u00e1 revolucionando la industria de los insights","og_url":"https:\/\/zinklar.com\/es\/sobre-zinklar\/","og_site_name":"Zinklar","article_modified_time":"2024-05-07T12:23:09+00:00","twitter_card":"summary_large_image","twitter_misc":{"Tiempo de lectura":"3 minutos"},"schema":{"@context":"https:\/\/schema.org","@graph":[{"@type":"WebPage","@id":"https:\/\/zinklar.com\/es\/sobre-zinklar\/","url":"https:\/\/zinklar.com\/es\/sobre-zinklar\/","name":"Sobre Zinklar - Zinklar","isPartOf":{"@id":"\/#website"},"datePublished":"2023-08-09T13:49:57+00:00","dateModified":"2024-05-07T12:23:09+00:00","description":"Descubre todo sobre Zinklar y domina la plataforma de investigaci\u00f3n de mercado que est\u00e1 revolucionando la industria de los insights","breadcrumb":{"@id":"https:\/\/zinklar.com\/es\/sobre-zinklar\/#breadcrumb"},"inLanguage":"es","potentialAction":[{"@type":"ReadAction","target":["https:\/\/zinklar.com\/es\/sobre-zinklar\/"]}]},{"@type":"BreadcrumbList","@id":"https:\/\/zinklar.com\/es\/sobre-zinklar\/#breadcrumb","itemListElement":[{"@type":"ListItem","position":1,"name":"Home","item":"https:\/\/zinklarwebsite.wpcomstaging.com\/es\/"},{"@type":"ListItem","position":2,"name":"Sobre Zinklar"}]},{"@type":"WebSite","@id":"\/#website","url":"\/","name":"Zinklar","description":"","publisher":{"@id":"\/#organization"},"potentialAction":[{"@type":"SearchAction","target":{"@type":"EntryPoint","urlTemplate":"\/?s={search_term_string}"},"query-input":{"@type":"PropertyValueSpecification","valueRequired":true,"valueName":"search_term_string"}}],"inLanguage":"es"},{"@type":"Organization","@id":"\/#organization","name":"Zinklar","url":"\/","logo":{"@type":"ImageObject","inLanguage":"es","@id":"\/#\/schema\/logo\/image\/","url":"https:\/\/zinklar.com\/wp-content\/uploads\/2023\/06\/white-logo.svg","contentUrl":"https:\/\/zinklar.com\/wp-content\/uploads\/2023\/06\/white-logo.svg","width":115,"height":35,"caption":"Zinklar"},"image":{"@id":"\/#\/schema\/logo\/image\/"}}]}},"jetpack_shortlink":"https:\/\/wp.me\/PdnyBR-8V7","jetpack_sharing_enabled":true,"_links":{"self":[{"href":"https:\/\/zinklar.com\/es\/wp-json\/wp\/v2\/pages\/34293","targetHints":{"allow":["GET"]}}],"collection":[{"href":"https:\/\/zinklar.com\/es\/wp-json\/wp\/v2\/pages"}],"about":[{"href":"https:\/\/zinklar.com\/es\/wp-json\/wp\/v2\/types\/page"}],"author":[{"embeddable":true,"href":"https:\/\/zinklar.com\/es\/wp-json\/wp\/v2\/users\/4"}],"replies":[{"embeddable":true,"href":"https:\/\/zinklar.com\/es\/wp-json\/wp\/v2\/comments?post=34293"}],"version-history":[{"count":8,"href":"https:\/\/zinklar.com\/es\/wp-json\/wp\/v2\/pages\/34293\/revisions"}],"predecessor-version":[{"id":39715,"href":"https:\/\/zinklar.com\/es\/wp-json\/wp\/v2\/pages\/34293\/revisions\/39715"}],"wp:attachment":[{"href":"https:\/\/zinklar.com\/es\/wp-json\/wp\/v2\/media?parent=34293"}],"curies":[{"name":"wp","href":"https:\/\/api.w.org\/{rel}","templated":true}]}}