{"id":34560,"date":"2023-06-24T18:39:34","date_gmt":"2023-06-24T18:39:34","guid":{"rendered":"https:\/\/zinklar.com\/para-marketers\/"},"modified":"2025-05-06T07:33:07","modified_gmt":"2025-05-06T07:33:07","slug":"para-marketers","status":"publish","type":"page","link":"https:\/\/zinklar.com\/es\/para-marketers\/","title":{"rendered":"Para Marketers"},"content":{"rendered":"<div class=\"wpb-content-wrapper\"><p>[vc_row full_width=\u00bbstretch_row_content_no_spaces\u00bb el_class=\u00bbno-see\u00bb][vc_column][vc_raw_html]JTNDbGluayUyMHJlbCUzRCUyMnN0eWxlc2hlZXQlMjIlMjBocmVmJTNEJTIyJTJGd3AtY29udGVudCUyRnRoZW1lcyUyRmdlbmVyYXRlcHJlc3NfY2hpbGQlMkZhc3NldHMlMkZzdHlsZXMlMkZjc3MlMkZwYWdlX3RlbXBsYXRlX3VzZV9jYXNlcy5jc3MlMjIlM0U=[\/vc_raw_html][\/vc_column][\/vc_row][vc_row full_width=\u00bbstretch_row_content_no_spaces\u00bb el_class=\u00bbbanner\u00bb css=\u00bb.vc_custom_1714121050850{background-color: #e3e3e3 !important;background-position: center !important;background-repeat: no-repeat !important;background-size: cover !important;}\u00bb][vc_column][vc_row_inner][vc_column_inner width=\u00bb1\/2&#8243;][vc_column_text el_class=\u00bbtitle-banner\u00bb]<span style=\"color: #0000ff;\">Para Marketers<\/span><\/p>\n<h1>Optimiza tu <span style=\"color: #0000ff;\">rendimiento<\/span><\/h1>\n<p>[\/vc_column_text][vc_empty_space height=\u00bb10px\u00bb][vc_column_text el_class=\u00bbtxt1&#8243;]<\/p>\n<h5><span style=\"font-weight: 400;\"><span style=\"color: #000000;\">Escala el feedback de tus consumidores a nuevas dimensiones y comprende mejor el rendimiento de tus anuncios, el desarrollo de productos, la salud de tu marca y los h\u00e1bitos de compra de tu p\u00fablico.<\/span> <\/span><\/h5>\n<p>[\/vc_column_text][\/vc_column_inner][vc_column_inner width=\u00bb1\/2&#8243;][vc_column_text el_class=\u00bbimg-banner\u00bb]<img data-recalc-dims=\"1\" loading=\"lazy\" decoding=\"async\" data-attachment-id=\"38957\" data-permalink=\"https:\/\/zinklar.com\/es\/comprension-del-mercado\/attachment\/png_image3_2000x1200\/#main\" data-orig-file=\"https:\/\/i0.wp.com\/zinklar.com\/wp-content\/uploads\/2024\/04\/PNG_image3_2000x1200-1.png?fit=2000%2C1200&amp;ssl=1\" data-orig-size=\"2000,1200\" data-comments-opened=\"0\" data-image-meta=\"{&quot;aperture&quot;:&quot;0&quot;,&quot;credit&quot;:&quot;&quot;,&quot;camera&quot;:&quot;&quot;,&quot;caption&quot;:&quot;&quot;,&quot;created_timestamp&quot;:&quot;0&quot;,&quot;copyright&quot;:&quot;&quot;,&quot;focal_length&quot;:&quot;0&quot;,&quot;iso&quot;:&quot;0&quot;,&quot;shutter_speed&quot;:&quot;0&quot;,&quot;title&quot;:&quot;&quot;,&quot;orientation&quot;:&quot;0&quot;}\" data-image-title=\"PNG_image3_2000x1200\" data-image-description=\"\" data-image-caption=\"\" data-large-file=\"https:\/\/i0.wp.com\/zinklar.com\/wp-content\/uploads\/2024\/04\/PNG_image3_2000x1200-1.png?fit=1024%2C614&amp;ssl=1\" class=\"alignnone wp-image-38957 size-full\" src=\"https:\/\/i0.wp.com\/zinklar.com\/wp-content\/uploads\/2024\/04\/PNG_image3_2000x1200-1.png?resize=1200%2C720&#038;ssl=1\" alt=\"\" width=\"1200\" height=\"720\" srcset=\"https:\/\/i0.wp.com\/zinklar.com\/wp-content\/uploads\/2024\/04\/PNG_image3_2000x1200-1.png?w=2000&amp;ssl=1 2000w, https:\/\/i0.wp.com\/zinklar.com\/wp-content\/uploads\/2024\/04\/PNG_image3_2000x1200-1.png?resize=300%2C180&amp;ssl=1 300w, https:\/\/i0.wp.com\/zinklar.com\/wp-content\/uploads\/2024\/04\/PNG_image3_2000x1200-1.png?resize=1024%2C614&amp;ssl=1 1024w, https:\/\/i0.wp.com\/zinklar.com\/wp-content\/uploads\/2024\/04\/PNG_image3_2000x1200-1.png?resize=768%2C461&amp;ssl=1 768w, https:\/\/i0.wp.com\/zinklar.com\/wp-content\/uploads\/2024\/04\/PNG_image3_2000x1200-1.png?resize=1536%2C922&amp;ssl=1 1536w, https:\/\/i0.wp.com\/zinklar.com\/wp-content\/uploads\/2024\/04\/PNG_image3_2000x1200-1.png?resize=1200%2C720&amp;ssl=1 1200w\" sizes=\"(max-width: 1200px) 100vw, 1200px\" \/>[\/vc_column_text][\/vc_column_inner][\/vc_row_inner][\/vc_column][\/vc_row][vc_row full_width=\u00bbstretch_row_content_no_spaces\u00bb el_class=\u00bbbg-general bg1 block1&#8243;][vc_column width=\u00bb1\/2&#8243; css=\u00bb.vc_custom_1692980376587{background-position: 0 0 !important;background-repeat: no-repeat !important;}\u00bb][vc_single_image image=\u00bb39057&#8243; img_size=\u00bbfull\u00bb][\/vc_column][vc_column width=\u00bb1\/2&#8243;][vc_column_text el_class=\u00bbtitle1&#8243;]<\/p>\n<h2><span style=\"color: #000000;\"><b><span style=\"color: #0000ff;\">Domina<\/span> tu mercado <\/b><\/span><\/h2>\n<p>[\/vc_column_text][vc_column_text el_class=\u00bblist-template\u00bb]<\/p>\n<ul>\n<li style=\"font-weight: 500;\" aria-level=\"1\"><span style=\"color: #000000;\"><span style=\"font-weight: 400;\">Aprovecha las ventajas de comprender a tu p\u00fablico objetivo, incluidas sus necesidades, puntos d\u00e9biles y preferencias, obteniendo una ventaja competitiva en el mercado.<\/span><\/span><\/li>\n<li style=\"font-weight: 500;\" aria-level=\"1\"><span style=\"color: #000000;\"><span style=\"font-weight: 400;\">Aprovecha las ventajas de desarrollar una propuesta de valor \u00fanica que diferencie tu marca y la convierta en la opci\u00f3n preferida de tu p\u00fablico objetivo.<\/span><\/span><\/li>\n<li style=\"font-weight: 400;\" aria-level=\"1\">Benef\u00edciate de probar f\u00e1cilmente tus mensajes, imagen de marca y esfuerzos de marketing, optimizando las inversiones y obteniendo ventajas competitivas.<\/li>\n<\/ul>\n<p>[\/vc_column_text][\/vc_column][\/vc_row][vc_row full_width=\u00bbstretch_row_content_no_spaces\u00bb el_class=\u00bbbg-general bg2 block2&#8243; css=\u00bb.vc_custom_1714121140922{background-color: #cccccc !important;}\u00bb][vc_column width=\u00bb1\/2&#8243;][vc_column_text el_class=\u00bbtitle2&#8243;]<\/p>\n<h2><span style=\"color: #000000;\"><span class=\"blue\" style=\"color: #0000ff;\">Adel\u00e1ntate <\/span>a los dem\u00e1s<\/span><\/h2>\n<p>[\/vc_column_text][vc_column_text el_class=\u00bblist-template\u00bb]<\/p>\n<ul>\n<li style=\"font-weight: 400;\" aria-level=\"1\"><span style=\"color: #000000;\"><span style=\"font-weight: 400;\">Comunica con autoridad y seguridad, dando prioridad a la voz del consumidor sobre las opiniones internas, obteniendo el beneficio de la confianza y la credibilidad.<\/span><\/span><\/li>\n<li style=\"font-weight: 400;\" aria-level=\"1\"><span style=\"color: #000000;\"><span style=\"font-weight: 400;\">Descubre la pr\u00f3xima gran novedad probando cada idea y concepto en cualquier fase del ciclo del producto, obteniendo la ventaja de la innovaci\u00f3n en el mercado.<\/span><\/span><\/li>\n<li aria-level=\"1\">Consigue m\u00e1s \u00e9xitos dando prioridad al pensamiento centrado en el cliente y a la toma de decisiones informadas, obteniendo la ventaja de la fidelidad del cliente.<\/li>\n<\/ul>\n<p>[\/vc_column_text][\/vc_column][vc_column width=\u00bb1\/2&#8243; css=\u00bb.vc_custom_1692980416296{background-position: 0 0 !important;background-repeat: no-repeat !important;}\u00bb][vc_single_image image=\u00bb38792&#8243; img_size=\u00bbfull\u00bb][\/vc_column][\/vc_row][vc_row full_width=\u00bbstretch_row_content_no_spaces\u00bb el_class=\u00bbbg-general bg1 block3&#8243;][vc_column width=\u00bb1\/2&#8243; css=\u00bb.vc_custom_1692980468163{background-position: 0 0 !important;background-repeat: no-repeat !important;}\u00bb][vc_single_image image=\u00bb38790&#8243; img_size=\u00bbfull\u00bb][\/vc_column][vc_column width=\u00bb1\/2&#8243;][vc_column_text el_class=\u00bbtitle3&#8243;]<\/p>\n<h2><span style=\"color: #000000;\">Crea anuncios que <span class=\"blue\" style=\"color: #0000ff;\">ofrezcan resultados<\/span><\/span><\/h2>\n<p>[\/vc_column_text][vc_column_text el_class=\u00bblist-template\u00bb]<\/p>\n<ul>\n<li style=\"font-weight: 400;\" aria-level=\"1\"><span style=\"color: #000000;\"><span style=\"font-weight: 400;\">Utiliza el presupuesto de forma inteligente probando los anuncios en todas las fases de una campa\u00f1a directamente con el p\u00fablico objetivo, obteniendo el beneficio de la rentabilidad.<\/span><\/span><\/li>\n<li style=\"font-weight: 400;\" aria-level=\"1\"><span style=\"color: #000000;\"><span style=\"font-weight: 400;\">Refuerza las decisiones incorporando con regularidad el feedback del consumidor a las pruebas, con lo que obtendr\u00e1s la ventaja de elegir con conocimiento de causa.<\/span><\/span><\/li>\n<li style=\"font-weight: 400;\" aria-level=\"1\">Aumenta la confianza de los stakeholders en las campa\u00f1as demostrando la rigurosidad de las pruebas a los equipos de ventas y productos, obteniendo la ventaja de la confianza y la credibilidad.<\/li>\n<\/ul>\n<p>[\/vc_column_text][\/vc_column][\/vc_row][vc_row full_width=\u00bbstretch_row_content_no_spaces\u00bb el_class=\u00bbbg-why\u00bb css=\u00bb.vc_custom_1714121166469{background-color: #e3e3e3 !important;}\u00bb][vc_column width=\u00bb2\/6&#8243;][vc_column_text el_class=\u00bbtitle-4&#8243;]<\/p>\n<h2><span style=\"color: #000000;\"><span class=\"blue\">\u00bfPor qu\u00e9<\/span> elegir<\/span><br \/>\n<span style=\"color: #000000;\">Zinklar?<\/span><\/h2>\n<p>[\/vc_column_text][\/vc_column][vc_column width=\u00bb4\/6&#8243;][vc_column_text el_class=\u00bbbox-why\u00bb]<\/p>\n<h3>Sin Zinklar<\/h3>\n<ul>\n<li><img loading=\"lazy\" decoding=\"async\" data-attachment-id=\"426\" data-permalink=\"https:\/\/zinklar.com\/es\/for-marketers\/attachment\/icon-down\/#main\" data-orig-file=\"https:\/\/zinklar.com\/wp-content\/uploads\/2023\/06\/icon-down.svg\" data-orig-size=\"40,40\" data-comments-opened=\"1\" data-image-meta=\"[]\" data-image-title=\"icon-down\" data-image-description=\"\" data-image-caption=\"\" data-large-file=\"https:\/\/zinklar.com\/wp-content\/uploads\/2023\/06\/icon-down.svg\" class=\"alignnone size-full wp-image-426\" src=\"https:\/\/zinklar.com\/wp-content\/uploads\/2023\/06\/icon-down.svg\" alt=\"\" width=\"40\" height=\"40\" \/><br \/>\n<h5>Toma decisiones basadas en opiniones de stakeholders internos<\/h5>\n<\/li>\n<li><img loading=\"lazy\" decoding=\"async\" data-attachment-id=\"426\" data-permalink=\"https:\/\/zinklar.com\/es\/for-marketers\/attachment\/icon-down\/#main\" data-orig-file=\"https:\/\/zinklar.com\/wp-content\/uploads\/2023\/06\/icon-down.svg\" data-orig-size=\"40,40\" data-comments-opened=\"1\" data-image-meta=\"[]\" data-image-title=\"icon-down\" data-image-description=\"\" data-image-caption=\"\" data-large-file=\"https:\/\/zinklar.com\/wp-content\/uploads\/2023\/06\/icon-down.svg\" class=\"alignnone size-full wp-image-426\" src=\"https:\/\/zinklar.com\/wp-content\/uploads\/2023\/06\/icon-down.svg\" alt=\"\" width=\"40\" height=\"40\" \/><br \/>\n<h5>Imposible probar el potencial de diferentes ideas<\/h5>\n<\/li>\n<li><img loading=\"lazy\" decoding=\"async\" data-attachment-id=\"426\" data-permalink=\"https:\/\/zinklar.com\/es\/for-marketers\/attachment\/icon-down\/#main\" data-orig-file=\"https:\/\/zinklar.com\/wp-content\/uploads\/2023\/06\/icon-down.svg\" data-orig-size=\"40,40\" data-comments-opened=\"1\" data-image-meta=\"[]\" data-image-title=\"icon-down\" data-image-description=\"\" data-image-caption=\"\" data-large-file=\"https:\/\/zinklar.com\/wp-content\/uploads\/2023\/06\/icon-down.svg\" class=\"alignnone size-full wp-image-426\" src=\"https:\/\/zinklar.com\/wp-content\/uploads\/2023\/06\/icon-down.svg\" alt=\"\" width=\"40\" height=\"40\" \/><br \/>\n<h5>Dificultad para programar estudios por la falta de conocimientos<\/h5>\n<\/li>\n<\/ul>\n<p>[\/vc_column_text][vc_column_text el_class=\u00bblighten box-why\u00bb]<\/p>\n<h3>Con Zinklar<\/h3>\n<ul>\n<li><img loading=\"lazy\" decoding=\"async\" data-attachment-id=\"427\" data-permalink=\"https:\/\/zinklar.com\/es\/for-marketers\/attachment\/icon-top\/#main\" data-orig-file=\"https:\/\/zinklar.com\/wp-content\/uploads\/2023\/06\/icon-top.svg\" data-orig-size=\"40,40\" data-comments-opened=\"1\" data-image-meta=\"[]\" data-image-title=\"icon-top\" data-image-description=\"\" data-image-caption=\"\" data-large-file=\"https:\/\/zinklar.com\/wp-content\/uploads\/2023\/06\/icon-top.svg\" class=\"alignnone size-full wp-image-427\" src=\"https:\/\/zinklar.com\/wp-content\/uploads\/2023\/06\/icon-top.svg\" alt=\"\" width=\"40\" height=\"40\" \/><br \/>\n<h5>Audiencias de calidad que proporcionan una visi\u00f3n completa del target<\/h5>\n<\/li>\n<li><img loading=\"lazy\" decoding=\"async\" data-attachment-id=\"427\" data-permalink=\"https:\/\/zinklar.com\/es\/for-marketers\/attachment\/icon-top\/#main\" data-orig-file=\"https:\/\/zinklar.com\/wp-content\/uploads\/2023\/06\/icon-top.svg\" data-orig-size=\"40,40\" data-comments-opened=\"1\" data-image-meta=\"[]\" data-image-title=\"icon-top\" data-image-description=\"\" data-image-caption=\"\" data-large-file=\"https:\/\/zinklar.com\/wp-content\/uploads\/2023\/06\/icon-top.svg\" class=\"alignnone size-full wp-image-427\" src=\"https:\/\/zinklar.com\/wp-content\/uploads\/2023\/06\/icon-top.svg\" alt=\"\" width=\"40\" height=\"40\" \/><br \/>\n<h5>Investigaci\u00f3n escalable con estudios accionables m\u00e1s r\u00e1pido que nunca<\/h5>\n<\/li>\n<li><img loading=\"lazy\" decoding=\"async\" data-attachment-id=\"427\" data-permalink=\"https:\/\/zinklar.com\/es\/for-marketers\/attachment\/icon-top\/#main\" data-orig-file=\"https:\/\/zinklar.com\/wp-content\/uploads\/2023\/06\/icon-top.svg\" data-orig-size=\"40,40\" data-comments-opened=\"1\" data-image-meta=\"[]\" data-image-title=\"icon-top\" data-image-description=\"\" data-image-caption=\"\" data-large-file=\"https:\/\/zinklar.com\/wp-content\/uploads\/2023\/06\/icon-top.svg\" class=\"alignnone size-full wp-image-427\" src=\"https:\/\/zinklar.com\/wp-content\/uploads\/2023\/06\/icon-top.svg\" alt=\"\" width=\"40\" height=\"40\" \/><br \/>\n<h5>Capacita a cualquier equipo para crear estudios de manera f\u00e1cil y \u00e1gil<\/h5>\n<\/li>\n<\/ul>\n<p>[\/vc_column_text][\/vc_column][\/vc_row][vc_row full_width=\u00bbstretch_row_content_no_spaces\u00bb el_class=\u00bbbg-form\u00bb css=\u00bb.vc_custom_1714121175400{background-color: #000000 !important;}\u00bb][vc_column width=\u00bb1\/2&#8243;][vc_column_text el_class=\u00bbtitle5&#8243;]<\/p>\n<h2><span style=\"color: #ffffff;\">Descubre qu\u00e9 puede hacer <span class=\"blue\" style=\"color: #0000ff;\">Zinklar <\/span>por tu marca<\/span><\/h2>\n<p>[\/vc_column_text][vc_column_text]<span style=\"color: #ffffff;\">Si quieres comprender mejor el mercado, desarrollar y probar productos\/conceptos innovadores, realizar Pre-test y Post-test publicitarios, monitorizar la experiencia del consumidor o gestionar la salud de tu marca.<\/span>[\/vc_column_text][vc_empty_space height=\u00bb10px\u00bb][vc_column_text]<span style=\"color: #ffffff;\">Nuestra demo responder\u00e1 a tus preguntas para que puedas ver por qu\u00e9 Zinklar es la mejor opci\u00f3n para cubrir tus necesidades espec\u00edficas de insights.<\/span>[\/vc_column_text][\/vc_column][vc_column width=\u00bb1\/2&#8243; el_class=\u00bbcol-form\u00bb][vc_raw_js]JTVCY29udGFjdGZvcm0lMjBjYW1wYWlnbiUzRCUyMmRlbW9fbWFya2V0ZWVyJTIyJTIwcmV0dXJuX3VybCUzRCUyMmh0dHBzJTNBJTJGJTJGemlua2xhci5jb20lMkZ0aGFuay15b3UtZnJlZSUyRiUyMiU1RA==[\/vc_raw_js][\/vc_column][\/vc_row]<\/p>\n<\/div>","protected":false},"excerpt":{"rendered":"<p>[vc_row full_width=\u00bbstretch_row_content_no_spaces\u00bb el_class=\u00bbno-see\u00bb][vc_column][vc_raw_html]JTNDbGluayUyMHJlbCUzRCUyMnN0eWxlc2hlZXQlMjIlMjBocmVmJTNEJTIyJTJGd3AtY29udGVudCUyRnRoZW1lcyUyRmdlbmVyYXRlcHJlc3NfY2hpbGQlMkZhc3NldHMlMkZzdHlsZXMlMkZjc3MlMkZwYWdlX3RlbXBsYXRlX3VzZV9jYXNlcy5jc3MlMjIlM0U=[\/vc_raw_html][\/vc_column][\/vc_row][vc_row full_width=\u00bbstretch_row_content_no_spaces\u00bb el_class=\u00bbbanner\u00bb css=\u00bb.vc_custom_1714121050850{background-color: #e3e3e3 !important;background-position: center !important;background-repeat: no-repeat !important;background-size: cover !important;}\u00bb][vc_column][vc_row_inner][vc_column_inner width=\u00bb1\/2&#8243;][vc_column_text el_class=\u00bbtitle-banner\u00bb]Para Marketers Optimiza tu rendimiento [\/vc_column_text][vc_empty_space height=\u00bb10px\u00bb][vc_column_text el_class=\u00bbtxt1&#8243;] Escala el feedback de tus consumidores a nuevas dimensiones y comprende mejor el rendimiento de tus anuncios, el desarrollo de productos, la salud de tu marca y los h\u00e1bitos de compra de &#8230; <a title=\"Para Marketers\" class=\"read-more\" href=\"https:\/\/zinklar.com\/es\/para-marketers\/\" aria-label=\"Leer m\u00e1s sobre Para Marketers\">Leer m\u00e1s<\/a><\/p>\n","protected":false},"author":4,"featured_media":0,"parent":0,"menu_order":0,"comment_status":"closed","ping_status":"closed","template":"","meta":{"_acf_changed":false,"_coblocks_attr":"","_coblocks_dimensions":"","_coblocks_responsive_height":"","_coblocks_accordion_ie_support":"","_crdt_document":"","footnotes":""},"class_list":["post-34560","page","type-page","status-publish"],"acf":[],"yoast_head":"<!-- This site is optimized with the Yoast SEO plugin v27.4 - https:\/\/yoast.com\/product\/yoast-seo-wordpress\/ -->\n<title>Plataforma de Insights para Marketers | Zinklar<\/title>\n<meta name=\"description\" content=\"Potencia tu estrategia de marketing research con la plataforma de Zinklar. \u00a1Desbloquea oportunidades de crecimiento hoy mismo!\" \/>\n<meta name=\"robots\" content=\"index, follow, max-snippet:-1, max-image-preview:large, max-video-preview:-1\" \/>\n<link rel=\"canonical\" href=\"https:\/\/zinklar.com\/es\/para-marketers\/\" \/>\n<meta property=\"og:locale\" content=\"es_ES\" \/>\n<meta property=\"og:type\" content=\"article\" \/>\n<meta property=\"og:title\" content=\"Plataforma de Insights para Marketers | Zinklar\" \/>\n<meta property=\"og:description\" content=\"Potencia tu estrategia de marketing research con la plataforma de Zinklar. \u00a1Desbloquea oportunidades de crecimiento hoy mismo!\" \/>\n<meta property=\"og:url\" content=\"https:\/\/zinklar.com\/es\/para-marketers\/\" \/>\n<meta property=\"og:site_name\" content=\"Zinklar\" \/>\n<meta property=\"article:modified_time\" content=\"2025-05-06T07:33:07+00:00\" \/>\n<meta property=\"og:image\" content=\"https:\/\/zinklarwebsite.wpcomstaging.com\/wp-content\/uploads\/2024\/04\/PNG_image3_2000x1200-1.png\" \/>\n<meta name=\"twitter:card\" content=\"summary_large_image\" \/>\n<meta name=\"twitter:label1\" content=\"Tiempo de lectura\" \/>\n\t<meta name=\"twitter:data1\" content=\"5 minutos\" \/>\n<script type=\"application\/ld+json\" class=\"yoast-schema-graph\">{\"@context\":\"https:\\\/\\\/schema.org\",\"@graph\":[{\"@type\":\"WebPage\",\"@id\":\"https:\\\/\\\/zinklar.com\\\/es\\\/para-marketers\\\/\",\"url\":\"https:\\\/\\\/zinklar.com\\\/es\\\/para-marketers\\\/\",\"name\":\"Plataforma de Insights para Marketers | Zinklar\",\"isPartOf\":{\"@id\":\"\\\/#website\"},\"primaryImageOfPage\":{\"@id\":\"https:\\\/\\\/zinklar.com\\\/es\\\/para-marketers\\\/#primaryimage\"},\"image\":{\"@id\":\"https:\\\/\\\/zinklar.com\\\/es\\\/para-marketers\\\/#primaryimage\"},\"thumbnailUrl\":\"https:\\\/\\\/zinklar.com\\\/wp-content\\\/uploads\\\/2024\\\/04\\\/PNG_image3_2000x1200-1.png\",\"datePublished\":\"2023-06-24T18:39:34+00:00\",\"dateModified\":\"2025-05-06T07:33:07+00:00\",\"description\":\"Potencia tu estrategia de marketing research con la plataforma de Zinklar. \u00a1Desbloquea oportunidades de crecimiento hoy mismo!\",\"breadcrumb\":{\"@id\":\"https:\\\/\\\/zinklar.com\\\/es\\\/para-marketers\\\/#breadcrumb\"},\"inLanguage\":\"es\",\"potentialAction\":[{\"@type\":\"ReadAction\",\"target\":[\"https:\\\/\\\/zinklar.com\\\/es\\\/para-marketers\\\/\"]}]},{\"@type\":\"ImageObject\",\"inLanguage\":\"es\",\"@id\":\"https:\\\/\\\/zinklar.com\\\/es\\\/para-marketers\\\/#primaryimage\",\"url\":\"https:\\\/\\\/zinklar.com\\\/wp-content\\\/uploads\\\/2024\\\/04\\\/PNG_image3_2000x1200-1.png\",\"contentUrl\":\"https:\\\/\\\/zinklar.com\\\/wp-content\\\/uploads\\\/2024\\\/04\\\/PNG_image3_2000x1200-1.png\"},{\"@type\":\"BreadcrumbList\",\"@id\":\"https:\\\/\\\/zinklar.com\\\/es\\\/para-marketers\\\/#breadcrumb\",\"itemListElement\":[{\"@type\":\"ListItem\",\"position\":1,\"name\":\"Home\",\"item\":\"https:\\\/\\\/zinklarwebsite.wpcomstaging.com\\\/es\\\/\"},{\"@type\":\"ListItem\",\"position\":2,\"name\":\"Para Marketers\"}]},{\"@type\":\"WebSite\",\"@id\":\"\\\/#website\",\"url\":\"\\\/\",\"name\":\"Zinklar\",\"description\":\"\",\"publisher\":{\"@id\":\"\\\/#organization\"},\"potentialAction\":[{\"@type\":\"SearchAction\",\"target\":{\"@type\":\"EntryPoint\",\"urlTemplate\":\"\\\/?s={search_term_string}\"},\"query-input\":{\"@type\":\"PropertyValueSpecification\",\"valueRequired\":true,\"valueName\":\"search_term_string\"}}],\"inLanguage\":\"es\"},{\"@type\":\"Organization\",\"@id\":\"\\\/#organization\",\"name\":\"Zinklar\",\"url\":\"\\\/\",\"logo\":{\"@type\":\"ImageObject\",\"inLanguage\":\"es\",\"@id\":\"\\\/#\\\/schema\\\/logo\\\/image\\\/\",\"url\":\"https:\\\/\\\/zinklar.com\\\/wp-content\\\/uploads\\\/2023\\\/06\\\/white-logo.svg\",\"contentUrl\":\"https:\\\/\\\/zinklar.com\\\/wp-content\\\/uploads\\\/2023\\\/06\\\/white-logo.svg\",\"width\":115,\"height\":35,\"caption\":\"Zinklar\"},\"image\":{\"@id\":\"\\\/#\\\/schema\\\/logo\\\/image\\\/\"}}]}<\/script>\n<!-- \/ Yoast SEO plugin. -->","yoast_head_json":{"title":"Plataforma de Insights para Marketers | Zinklar","description":"Potencia tu estrategia de marketing research con la plataforma de Zinklar. \u00a1Desbloquea oportunidades de crecimiento hoy mismo!","robots":{"index":"index","follow":"follow","max-snippet":"max-snippet:-1","max-image-preview":"max-image-preview:large","max-video-preview":"max-video-preview:-1"},"canonical":"https:\/\/zinklar.com\/es\/para-marketers\/","og_locale":"es_ES","og_type":"article","og_title":"Plataforma de Insights para Marketers | Zinklar","og_description":"Potencia tu estrategia de marketing research con la plataforma de Zinklar. \u00a1Desbloquea oportunidades de crecimiento hoy mismo!","og_url":"https:\/\/zinklar.com\/es\/para-marketers\/","og_site_name":"Zinklar","article_modified_time":"2025-05-06T07:33:07+00:00","og_image":[{"url":"https:\/\/zinklarwebsite.wpcomstaging.com\/wp-content\/uploads\/2024\/04\/PNG_image3_2000x1200-1.png","type":"","width":"","height":""}],"twitter_card":"summary_large_image","twitter_misc":{"Tiempo de lectura":"5 minutos"},"schema":{"@context":"https:\/\/schema.org","@graph":[{"@type":"WebPage","@id":"https:\/\/zinklar.com\/es\/para-marketers\/","url":"https:\/\/zinklar.com\/es\/para-marketers\/","name":"Plataforma de Insights para Marketers | Zinklar","isPartOf":{"@id":"\/#website"},"primaryImageOfPage":{"@id":"https:\/\/zinklar.com\/es\/para-marketers\/#primaryimage"},"image":{"@id":"https:\/\/zinklar.com\/es\/para-marketers\/#primaryimage"},"thumbnailUrl":"https:\/\/zinklar.com\/wp-content\/uploads\/2024\/04\/PNG_image3_2000x1200-1.png","datePublished":"2023-06-24T18:39:34+00:00","dateModified":"2025-05-06T07:33:07+00:00","description":"Potencia tu estrategia de marketing research con la plataforma de Zinklar. \u00a1Desbloquea oportunidades de crecimiento hoy mismo!","breadcrumb":{"@id":"https:\/\/zinklar.com\/es\/para-marketers\/#breadcrumb"},"inLanguage":"es","potentialAction":[{"@type":"ReadAction","target":["https:\/\/zinklar.com\/es\/para-marketers\/"]}]},{"@type":"ImageObject","inLanguage":"es","@id":"https:\/\/zinklar.com\/es\/para-marketers\/#primaryimage","url":"https:\/\/zinklar.com\/wp-content\/uploads\/2024\/04\/PNG_image3_2000x1200-1.png","contentUrl":"https:\/\/zinklar.com\/wp-content\/uploads\/2024\/04\/PNG_image3_2000x1200-1.png"},{"@type":"BreadcrumbList","@id":"https:\/\/zinklar.com\/es\/para-marketers\/#breadcrumb","itemListElement":[{"@type":"ListItem","position":1,"name":"Home","item":"https:\/\/zinklarwebsite.wpcomstaging.com\/es\/"},{"@type":"ListItem","position":2,"name":"Para Marketers"}]},{"@type":"WebSite","@id":"\/#website","url":"\/","name":"Zinklar","description":"","publisher":{"@id":"\/#organization"},"potentialAction":[{"@type":"SearchAction","target":{"@type":"EntryPoint","urlTemplate":"\/?s={search_term_string}"},"query-input":{"@type":"PropertyValueSpecification","valueRequired":true,"valueName":"search_term_string"}}],"inLanguage":"es"},{"@type":"Organization","@id":"\/#organization","name":"Zinklar","url":"\/","logo":{"@type":"ImageObject","inLanguage":"es","@id":"\/#\/schema\/logo\/image\/","url":"https:\/\/zinklar.com\/wp-content\/uploads\/2023\/06\/white-logo.svg","contentUrl":"https:\/\/zinklar.com\/wp-content\/uploads\/2023\/06\/white-logo.svg","width":115,"height":35,"caption":"Zinklar"},"image":{"@id":"\/#\/schema\/logo\/image\/"}}]}},"jetpack_shortlink":"https:\/\/wp.me\/PdnyBR-8Zq","jetpack_sharing_enabled":true,"_links":{"self":[{"href":"https:\/\/zinklar.com\/es\/wp-json\/wp\/v2\/pages\/34560","targetHints":{"allow":["GET"]}}],"collection":[{"href":"https:\/\/zinklar.com\/es\/wp-json\/wp\/v2\/pages"}],"about":[{"href":"https:\/\/zinklar.com\/es\/wp-json\/wp\/v2\/types\/page"}],"author":[{"embeddable":true,"href":"https:\/\/zinklar.com\/es\/wp-json\/wp\/v2\/users\/4"}],"replies":[{"embeddable":true,"href":"https:\/\/zinklar.com\/es\/wp-json\/wp\/v2\/comments?post=34560"}],"version-history":[{"count":16,"href":"https:\/\/zinklar.com\/es\/wp-json\/wp\/v2\/pages\/34560\/revisions"}],"predecessor-version":[{"id":43639,"href":"https:\/\/zinklar.com\/es\/wp-json\/wp\/v2\/pages\/34560\/revisions\/43639"}],"wp:attachment":[{"href":"https:\/\/zinklar.com\/es\/wp-json\/wp\/v2\/media?parent=34560"}],"curies":[{"name":"wp","href":"https:\/\/api.w.org\/{rel}","templated":true}]}}