{"id":34756,"date":"2023-08-02T09:22:08","date_gmt":"2023-08-02T09:22:08","guid":{"rendered":"https:\/\/zinklar.com\/insights-de-calidad\/"},"modified":"2024-05-22T12:45:54","modified_gmt":"2024-05-22T12:45:54","slug":"insights-de-calidad","status":"publish","type":"page","link":"https:\/\/zinklar.com\/es\/insights-de-calidad\/","title":{"rendered":"Insights de calidad"},"content":{"rendered":"<div class=\"wpb-content-wrapper\"><p>[vc_row full_width=\u00bbstretch_row_content_no_spaces\u00bb el_class=\u00bbno-see\u00bb][vc_column][vc_raw_html]JTNDbGluayUyMHJlbCUzRCUyMnN0eWxlc2hlZXQlMjIlMjBocmVmJTNEJTIyJTJGd3AtY29udGVudCUyRnRoZW1lcyUyRmdlbmVyYXRlcHJlc3NfY2hpbGQlMkZhc3NldHMlMkZzdHlsZXMlMkZjc3MlMkZwYWdlX3RlbXBsYXRlX3doeXppbmtsYXIuY3NzJTIyJTNF[\/vc_raw_html][\/vc_column][\/vc_row][vc_row full_width=\u00bbstretch_row_content_no_spaces\u00bb el_class=\u00bbbanner\u00bb css=\u00bb.vc_custom_1714115982773{background-color: #e3e3e3 !important;background-position: center !important;background-repeat: no-repeat !important;background-size: cover !important;}\u00bb][vc_column][vc_row_inner][vc_column_inner width=\u00bb1\/2&#8243;][vc_column_text el_class=\u00bbtitle-banner\u00bb]<\/p>\n<h1><span class=\"blue\">Insights<\/span> en los que confiar<\/h1>\n<p>[\/vc_column_text][vc_column_text el_class=\u00bbtxt-banner\u00bb]<span style=\"font-weight: 400; color: #000000;\">Libera el poder de los datos fiables con nuestras soluciones de vanguardia. Potencia tu toma de decisiones, aumenta tu eficacia y consigue una ventaja competitiva. Descubre c\u00f3mo nuestras soluciones avanzadas de calidad datos pueden transformar tu marca hoy mismo. Seguridad, precisi\u00f3n y \u00e9xito te est\u00e1n esperando.<\/span>[\/vc_column_text][\/vc_column_inner][vc_column_inner width=\u00bb1\/2&#8243;][vc_column_text css=\u00bb.vc_custom_1714115971295{background-position: center !important;background-repeat: no-repeat !important;background-size: cover !important;}\u00bb]<img data-recalc-dims=\"1\" loading=\"lazy\" decoding=\"async\" data-attachment-id=\"38975\" data-permalink=\"https:\/\/zinklar.com\/es\/comprension-del-mercado\/attachment\/png_image12_2000x1200\/#main\" data-orig-file=\"https:\/\/i0.wp.com\/zinklar.com\/wp-content\/uploads\/2024\/04\/PNG_image12_2000x1200-2.png?fit=2000%2C1200&amp;ssl=1\" data-orig-size=\"2000,1200\" data-comments-opened=\"0\" data-image-meta=\"{&quot;aperture&quot;:&quot;0&quot;,&quot;credit&quot;:&quot;&quot;,&quot;camera&quot;:&quot;&quot;,&quot;caption&quot;:&quot;&quot;,&quot;created_timestamp&quot;:&quot;0&quot;,&quot;copyright&quot;:&quot;&quot;,&quot;focal_length&quot;:&quot;0&quot;,&quot;iso&quot;:&quot;0&quot;,&quot;shutter_speed&quot;:&quot;0&quot;,&quot;title&quot;:&quot;&quot;,&quot;orientation&quot;:&quot;0&quot;}\" data-image-title=\"PNG_image12_2000x1200\" data-image-description=\"\" data-image-caption=\"\" data-medium-file=\"https:\/\/i0.wp.com\/zinklar.com\/wp-content\/uploads\/2024\/04\/PNG_image12_2000x1200-2.png?fit=300%2C180&amp;ssl=1\" data-large-file=\"https:\/\/i0.wp.com\/zinklar.com\/wp-content\/uploads\/2024\/04\/PNG_image12_2000x1200-2.png?fit=1024%2C614&amp;ssl=1\" class=\"wp-image-38975 size-full aligncenter\" src=\"https:\/\/i0.wp.com\/zinklar.com\/wp-content\/uploads\/2024\/04\/PNG_image12_2000x1200-2.png?resize=1200%2C720&#038;ssl=1\" alt=\"\" width=\"1200\" height=\"720\" srcset=\"https:\/\/i0.wp.com\/zinklar.com\/wp-content\/uploads\/2024\/04\/PNG_image12_2000x1200-2.png?w=2000&amp;ssl=1 2000w, https:\/\/i0.wp.com\/zinklar.com\/wp-content\/uploads\/2024\/04\/PNG_image12_2000x1200-2.png?resize=300%2C180&amp;ssl=1 300w, https:\/\/i0.wp.com\/zinklar.com\/wp-content\/uploads\/2024\/04\/PNG_image12_2000x1200-2.png?resize=1024%2C614&amp;ssl=1 1024w, https:\/\/i0.wp.com\/zinklar.com\/wp-content\/uploads\/2024\/04\/PNG_image12_2000x1200-2.png?resize=768%2C461&amp;ssl=1 768w, https:\/\/i0.wp.com\/zinklar.com\/wp-content\/uploads\/2024\/04\/PNG_image12_2000x1200-2.png?resize=1536%2C922&amp;ssl=1 1536w, https:\/\/i0.wp.com\/zinklar.com\/wp-content\/uploads\/2024\/04\/PNG_image12_2000x1200-2.png?resize=1200%2C720&amp;ssl=1 1200w\" sizes=\"(max-width: 1200px) 100vw, 1200px\" \/>[\/vc_column_text][\/vc_column_inner][\/vc_row_inner][\/vc_column][\/vc_row][vc_row full_width=\u00bbstretch_row_content_no_spaces\u00bb el_class=\u00bbbg-general bg1 block1&#8243;][vc_column width=\u00bb1\/2&#8243; css=\u00bb.vc_custom_1692977197573{background-image: url(<a href=\"https:\/\/zinklar.com\/wp-content\/uploads\/2023\/08\/new_700x380_1.png?id=34851\">https:\/\/zinklar.com\/wp-content\/uploads\/2023\/08\/new_700x380_1.png?id=34851<\/a>) !important;background-position: 0 0 !important;background-repeat: no-repeat !important;}\u00bb][vc_single_image image=\u00bb39027&#8243; img_size=\u00bbfull\u00bb][\/vc_column][vc_column width=\u00bb1\/2&#8243;][vc_column_text el_class=\u00bbtitle1&#8243;]<\/p>\n<h2><b><span style=\"color: #000000;\">Asegura los<\/span><\/b> <span style=\"color: #0000ff;\"><b>est\u00e1ndares de calidad m\u00e1s altos<\/b><\/span><\/h2>\n<p>[\/vc_column_text][vc_column_text el_class=\u00bblist-template\u00bb]<\/p>\n<ul>\n<li style=\"font-weight: 400;\" aria-level=\"1\"><span style=\"font-weight: 400; color: #000000;\"><strong>Detecci\u00f3n de Fraude impulsada por IA:<\/strong> soluciones avanzadas que ayudan a identificar y eliminar cualquier encuestado con comportamiento sospechoso o respuestas incosistentes. <\/span><\/li>\n<li aria-level=\"1\"><strong>Audiencias de Confianza:<\/strong> seleccionadas siguiendo los m\u00e1s estrictos programas de calidad y cumpliendo con todos los est\u00e1ndares de la industria. Los expertos en paneles de Zinklar trabajan con ellos a diario para identificar nuevas oportunidades y seguir mejorando la calidad de la muestra.<\/li>\n<li aria-level=\"1\"><strong>M\u00e1xima Representatividad:<\/strong> la plataforma mobile de Zinklar te ayuda a conectar con una audiencia m\u00e1s amplia y representativa que el resto de alternativas. Las encuestas mobile son m\u00e1s cortas, lo que mantiene a los encuestados comprometidos y reduce la tasa de abandono.<\/li>\n<\/ul>\n<p>[\/vc_column_text][\/vc_column][\/vc_row][vc_row full_width=\u00bbstretch_row_content_no_spaces\u00bb el_class=\u00bbbg-general bg2 block2&#8243;][vc_column width=\u00bb1\/2&#8243;][vc_column_text el_class=\u00bbtitle2&#8243;]<\/p>\n<h2><span style=\"color: #000000;\"><b><span style=\"color: #0000ff;\">Asesoramiento experto<\/span> en cada paso del camino<\/b><\/span><\/h2>\n<p>[\/vc_column_text][vc_column_text el_class=\u00bblist-template\u00bb]<\/p>\n<ul>\n<li style=\"font-weight: 400;\" aria-level=\"1\">Plantillas de cuestionarios totalmente personalizables que abarcan la mayor\u00eda de los tipos de investigaci\u00f3n disponibles para todos los usuarios. Un equipo de investigadores expertos disponible para ayudarte y asesorarte durante el proceso, para que puedas dar cada paso con confianza.<\/li>\n<\/ul>\n<p>[\/vc_column_text][\/vc_column][vc_column width=\u00bb1\/2&#8243; css=\u00bb.vc_custom_1692977242077{background-position: 0 0 !important;background-repeat: no-repeat !important;}\u00bb][vc_single_image image=\u00bb39007&#8243; img_size=\u00bbfull\u00bb][\/vc_column][\/vc_row][vc_row full_width=\u00bbstretch_row_content_no_spaces\u00bb el_class=\u00bbbg-general bg1 block3&#8243;][vc_column width=\u00bb1\/2&#8243; css=\u00bb.vc_custom_1692977274611{background-position: 0 0 !important;background-repeat: no-repeat !important;}\u00bb][vc_single_image image=\u00bb39029&#8243; img_size=\u00bbfull\u00bb][\/vc_column][vc_column width=\u00bb1\/2&#8243;][vc_column_text el_class=\u00bbtitle3&#8243;]<\/p>\n<h2><span style=\"color: #000000;\"><b><span style=\"color: #0000ff;\">Miembros activos<\/span> del sector de los insights<\/b><\/span><\/h2>\n<p>[\/vc_column_text][vc_column_text el_class=\u00bblist-template\u00bb]<\/p>\n<ul>\n<li style=\"font-weight: 400;\" aria-level=\"1\">Zinklar es miembro de ESOMAR, se adhiere a sus est\u00e1ndares de la industria y se mantiene al d\u00eda con cualquier nueva recomendaci\u00f3n. Los fundadores de Zinklar tambi\u00e9n son miembros de Insights+Analytics, la organizaci\u00f3n de referendia de la industria en Espa\u00f1a, donde tiene su sede.<\/li>\n<\/ul>\n<p>[\/vc_column_text][\/vc_column][\/vc_row][vc_row full_width=\u00bbstretch_row_content_no_spaces\u00bb el_class=\u00bbbanner-message\u00bb css=\u00bb.vc_custom_1714116146314{background-image: url(<a href=\"https:\/\/zinklar.com\/wp-content\/uploads\/2024\/04\/market-research_banners_3000x500_real-time-consumer-insights.jpg?id=38593\">https:\/\/zinklar.com\/wp-content\/uploads\/2024\/04\/market-research_banners_3000x500_real-time-consumer-insights.jpg?id=38593<\/a>) !important;background-position: center !important;background-repeat: no-repeat !important;background-size: cover !important;}\u00bb][vc_column][vc_row_inner][vc_column_inner][vc_column_text el_class=\u00bbtitle4&#8243;]<\/p>\n<h4 style=\"text-align: center;\">Descarga la Gu\u00eda de <span class=\"blue\">Insights en Tiempo Real<\/span><\/h4>\n<p>[\/vc_column_text][vc_empty_space][vc_column_text]<\/p>\n<p style=\"text-align: center;\"><a class=\"btn btn-rosa\" href=\"https:\/\/zinklar.com\/ebooks-and-guides\/real-time-consumer-insights\/\">Descargar la gu\u00eda<\/a><\/p>\n<p>[\/vc_column_text][\/vc_column_inner][\/vc_row_inner][\/vc_column][\/vc_row][vc_row full_width=\u00bbstretch_row_content_no_spaces\u00bb][vc_column][vc_raw_js]JTNDc2NyaXB0JTIwc3JjJTNEJTIyJTJGd3AtY29udGVudCUyRnRoZW1lcyUyRmdlbmVyYXRlcHJlc3NfY2hpbGQlMkZqcyUyRmRpc3QlMkZ0ZW1wbGF0ZV90d28uYnVuZGxlLmpzJTIyJTNFJTNDJTJGc2NyaXB0JTNF[\/vc_raw_js][\/vc_column][\/vc_row]<\/p>\n<\/div>","protected":false},"excerpt":{"rendered":"<p>[vc_row full_width=\u00bbstretch_row_content_no_spaces\u00bb el_class=\u00bbno-see\u00bb][vc_column][vc_raw_html]JTNDbGluayUyMHJlbCUzRCUyMnN0eWxlc2hlZXQlMjIlMjBocmVmJTNEJTIyJTJGd3AtY29udGVudCUyRnRoZW1lcyUyRmdlbmVyYXRlcHJlc3NfY2hpbGQlMkZhc3NldHMlMkZzdHlsZXMlMkZjc3MlMkZwYWdlX3RlbXBsYXRlX3doeXppbmtsYXIuY3NzJTIyJTNF[\/vc_raw_html][\/vc_column][\/vc_row][vc_row full_width=\u00bbstretch_row_content_no_spaces\u00bb el_class=\u00bbbanner\u00bb css=\u00bb.vc_custom_1714115982773{background-color: #e3e3e3 !important;background-position: center !important;background-repeat: no-repeat !important;background-size: cover !important;}\u00bb][vc_column][vc_row_inner][vc_column_inner width=\u00bb1\/2&#8243;][vc_column_text el_class=\u00bbtitle-banner\u00bb] Insights en los que confiar [\/vc_column_text][vc_column_text el_class=\u00bbtxt-banner\u00bb]Libera el poder de los datos fiables con nuestras soluciones de vanguardia. Potencia tu toma de decisiones, aumenta tu eficacia y consigue una ventaja competitiva. Descubre c\u00f3mo nuestras soluciones avanzadas de calidad datos &#8230; <a title=\"Insights de calidad\" class=\"read-more\" href=\"https:\/\/zinklar.com\/es\/insights-de-calidad\/\" aria-label=\"Leer m\u00e1s sobre Insights de calidad\">Leer m\u00e1s<\/a><\/p>\n","protected":false},"author":4,"featured_media":0,"parent":0,"menu_order":0,"comment_status":"closed","ping_status":"closed","template":"","meta":{"_acf_changed":false,"_coblocks_attr":"","_coblocks_dimensions":"","_coblocks_responsive_height":"","_coblocks_accordion_ie_support":"","_crdt_document":"","footnotes":""},"class_list":["post-34756","page","type-page","status-publish"],"acf":[],"yoast_head":"<!-- This site is optimized with the Yoast SEO plugin v27.2 - https:\/\/yoast.com\/product\/yoast-seo-wordpress\/ -->\n<title>Insights de calidad | Zinklar<\/title>\n<meta name=\"description\" content=\"Descubre Soluciones de Investigaci\u00f3n de Mercado Escalables | Explora metodolog\u00edas innovadoras para generar insights impactantes. \u00a1Empieza hoy!\" \/>\n<meta name=\"robots\" content=\"index, follow, max-snippet:-1, max-image-preview:large, max-video-preview:-1\" \/>\n<link rel=\"canonical\" href=\"https:\/\/zinklar.com\/es\/insights-de-calidad\/\" \/>\n<meta property=\"og:locale\" content=\"es_ES\" \/>\n<meta property=\"og:type\" content=\"article\" \/>\n<meta property=\"og:title\" content=\"Insights de calidad | Zinklar\" \/>\n<meta property=\"og:description\" content=\"Descubre Soluciones de Investigaci\u00f3n de Mercado Escalables | Explora metodolog\u00edas innovadoras para generar insights impactantes. \u00a1Empieza hoy!\" \/>\n<meta property=\"og:url\" content=\"https:\/\/zinklar.com\/es\/insights-de-calidad\/\" \/>\n<meta property=\"og:site_name\" content=\"Zinklar\" \/>\n<meta property=\"article:modified_time\" content=\"2024-05-22T12:45:54+00:00\" \/>\n<meta property=\"og:image\" content=\"https:\/\/zinklar.com\/wp-content\/uploads\/2024\/04\/PNG_image12_2000x1200-2.png\" \/>\n<meta name=\"twitter:card\" content=\"summary_large_image\" \/>\n<meta name=\"twitter:label1\" content=\"Tiempo de lectura\" \/>\n\t<meta name=\"twitter:data1\" content=\"3 minutos\" \/>\n<script type=\"application\/ld+json\" class=\"yoast-schema-graph\">{\"@context\":\"https:\/\/schema.org\",\"@graph\":[{\"@type\":\"WebPage\",\"@id\":\"https:\/\/zinklar.com\/es\/insights-de-calidad\/\",\"url\":\"https:\/\/zinklar.com\/es\/insights-de-calidad\/\",\"name\":\"Insights de calidad | Zinklar\",\"isPartOf\":{\"@id\":\"\/#website\"},\"primaryImageOfPage\":{\"@id\":\"https:\/\/zinklar.com\/es\/insights-de-calidad\/#primaryimage\"},\"image\":{\"@id\":\"https:\/\/zinklar.com\/es\/insights-de-calidad\/#primaryimage\"},\"thumbnailUrl\":\"https:\/\/zinklar.com\/wp-content\/uploads\/2024\/04\/PNG_image12_2000x1200-2.png\",\"datePublished\":\"2023-08-02T09:22:08+00:00\",\"dateModified\":\"2024-05-22T12:45:54+00:00\",\"description\":\"Descubre Soluciones de Investigaci\u00f3n de Mercado Escalables | Explora metodolog\u00edas innovadoras para generar insights impactantes. \u00a1Empieza hoy!\",\"breadcrumb\":{\"@id\":\"https:\/\/zinklar.com\/es\/insights-de-calidad\/#breadcrumb\"},\"inLanguage\":\"es\",\"potentialAction\":[{\"@type\":\"ReadAction\",\"target\":[\"https:\/\/zinklar.com\/es\/insights-de-calidad\/\"]}]},{\"@type\":\"ImageObject\",\"inLanguage\":\"es\",\"@id\":\"https:\/\/zinklar.com\/es\/insights-de-calidad\/#primaryimage\",\"url\":\"https:\/\/zinklar.com\/wp-content\/uploads\/2024\/04\/PNG_image12_2000x1200-2.png\",\"contentUrl\":\"https:\/\/zinklar.com\/wp-content\/uploads\/2024\/04\/PNG_image12_2000x1200-2.png\"},{\"@type\":\"BreadcrumbList\",\"@id\":\"https:\/\/zinklar.com\/es\/insights-de-calidad\/#breadcrumb\",\"itemListElement\":[{\"@type\":\"ListItem\",\"position\":1,\"name\":\"Home\",\"item\":\"https:\/\/zinklarwebsite.wpcomstaging.com\/es\/\"},{\"@type\":\"ListItem\",\"position\":2,\"name\":\"Insights de calidad\"}]},{\"@type\":\"WebSite\",\"@id\":\"\/#website\",\"url\":\"\/\",\"name\":\"Zinklar\",\"description\":\"\",\"publisher\":{\"@id\":\"\/#organization\"},\"potentialAction\":[{\"@type\":\"SearchAction\",\"target\":{\"@type\":\"EntryPoint\",\"urlTemplate\":\"\/?s={search_term_string}\"},\"query-input\":{\"@type\":\"PropertyValueSpecification\",\"valueRequired\":true,\"valueName\":\"search_term_string\"}}],\"inLanguage\":\"es\"},{\"@type\":\"Organization\",\"@id\":\"\/#organization\",\"name\":\"Zinklar\",\"url\":\"\/\",\"logo\":{\"@type\":\"ImageObject\",\"inLanguage\":\"es\",\"@id\":\"\/#\/schema\/logo\/image\/\",\"url\":\"https:\/\/zinklar.com\/wp-content\/uploads\/2023\/06\/white-logo.svg\",\"contentUrl\":\"https:\/\/zinklar.com\/wp-content\/uploads\/2023\/06\/white-logo.svg\",\"width\":115,\"height\":35,\"caption\":\"Zinklar\"},\"image\":{\"@id\":\"\/#\/schema\/logo\/image\/\"}}]}<\/script>\n<!-- \/ Yoast SEO plugin. -->","yoast_head_json":{"title":"Insights de calidad | Zinklar","description":"Descubre Soluciones de Investigaci\u00f3n de Mercado Escalables | Explora metodolog\u00edas innovadoras para generar insights impactantes. \u00a1Empieza hoy!","robots":{"index":"index","follow":"follow","max-snippet":"max-snippet:-1","max-image-preview":"max-image-preview:large","max-video-preview":"max-video-preview:-1"},"canonical":"https:\/\/zinklar.com\/es\/insights-de-calidad\/","og_locale":"es_ES","og_type":"article","og_title":"Insights de calidad | Zinklar","og_description":"Descubre Soluciones de Investigaci\u00f3n de Mercado Escalables | Explora metodolog\u00edas innovadoras para generar insights impactantes. \u00a1Empieza hoy!","og_url":"https:\/\/zinklar.com\/es\/insights-de-calidad\/","og_site_name":"Zinklar","article_modified_time":"2024-05-22T12:45:54+00:00","og_image":[{"url":"https:\/\/zinklar.com\/wp-content\/uploads\/2024\/04\/PNG_image12_2000x1200-2.png","type":"","width":"","height":""}],"twitter_card":"summary_large_image","twitter_misc":{"Tiempo de lectura":"3 minutos"},"schema":{"@context":"https:\/\/schema.org","@graph":[{"@type":"WebPage","@id":"https:\/\/zinklar.com\/es\/insights-de-calidad\/","url":"https:\/\/zinklar.com\/es\/insights-de-calidad\/","name":"Insights de calidad | Zinklar","isPartOf":{"@id":"\/#website"},"primaryImageOfPage":{"@id":"https:\/\/zinklar.com\/es\/insights-de-calidad\/#primaryimage"},"image":{"@id":"https:\/\/zinklar.com\/es\/insights-de-calidad\/#primaryimage"},"thumbnailUrl":"https:\/\/zinklar.com\/wp-content\/uploads\/2024\/04\/PNG_image12_2000x1200-2.png","datePublished":"2023-08-02T09:22:08+00:00","dateModified":"2024-05-22T12:45:54+00:00","description":"Descubre Soluciones de Investigaci\u00f3n de Mercado Escalables | Explora metodolog\u00edas innovadoras para generar insights impactantes. \u00a1Empieza hoy!","breadcrumb":{"@id":"https:\/\/zinklar.com\/es\/insights-de-calidad\/#breadcrumb"},"inLanguage":"es","potentialAction":[{"@type":"ReadAction","target":["https:\/\/zinklar.com\/es\/insights-de-calidad\/"]}]},{"@type":"ImageObject","inLanguage":"es","@id":"https:\/\/zinklar.com\/es\/insights-de-calidad\/#primaryimage","url":"https:\/\/zinklar.com\/wp-content\/uploads\/2024\/04\/PNG_image12_2000x1200-2.png","contentUrl":"https:\/\/zinklar.com\/wp-content\/uploads\/2024\/04\/PNG_image12_2000x1200-2.png"},{"@type":"BreadcrumbList","@id":"https:\/\/zinklar.com\/es\/insights-de-calidad\/#breadcrumb","itemListElement":[{"@type":"ListItem","position":1,"name":"Home","item":"https:\/\/zinklarwebsite.wpcomstaging.com\/es\/"},{"@type":"ListItem","position":2,"name":"Insights de calidad"}]},{"@type":"WebSite","@id":"\/#website","url":"\/","name":"Zinklar","description":"","publisher":{"@id":"\/#organization"},"potentialAction":[{"@type":"SearchAction","target":{"@type":"EntryPoint","urlTemplate":"\/?s={search_term_string}"},"query-input":{"@type":"PropertyValueSpecification","valueRequired":true,"valueName":"search_term_string"}}],"inLanguage":"es"},{"@type":"Organization","@id":"\/#organization","name":"Zinklar","url":"\/","logo":{"@type":"ImageObject","inLanguage":"es","@id":"\/#\/schema\/logo\/image\/","url":"https:\/\/zinklar.com\/wp-content\/uploads\/2023\/06\/white-logo.svg","contentUrl":"https:\/\/zinklar.com\/wp-content\/uploads\/2023\/06\/white-logo.svg","width":115,"height":35,"caption":"Zinklar"},"image":{"@id":"\/#\/schema\/logo\/image\/"}}]}},"jetpack_shortlink":"https:\/\/wp.me\/PdnyBR-92A","jetpack_sharing_enabled":true,"_links":{"self":[{"href":"https:\/\/zinklar.com\/es\/wp-json\/wp\/v2\/pages\/34756","targetHints":{"allow":["GET"]}}],"collection":[{"href":"https:\/\/zinklar.com\/es\/wp-json\/wp\/v2\/pages"}],"about":[{"href":"https:\/\/zinklar.com\/es\/wp-json\/wp\/v2\/types\/page"}],"author":[{"embeddable":true,"href":"https:\/\/zinklar.com\/es\/wp-json\/wp\/v2\/users\/4"}],"replies":[{"embeddable":true,"href":"https:\/\/zinklar.com\/es\/wp-json\/wp\/v2\/comments?post=34756"}],"version-history":[{"count":15,"href":"https:\/\/zinklar.com\/es\/wp-json\/wp\/v2\/pages\/34756\/revisions"}],"predecessor-version":[{"id":39371,"href":"https:\/\/zinklar.com\/es\/wp-json\/wp\/v2\/pages\/34756\/revisions\/39371"}],"wp:attachment":[{"href":"https:\/\/zinklar.com\/es\/wp-json\/wp\/v2\/media?parent=34756"}],"curies":[{"name":"wp","href":"https:\/\/api.w.org\/{rel}","templated":true}]}}