{"id":34780,"date":"2023-06-13T11:53:09","date_gmt":"2023-06-13T11:53:09","guid":{"rendered":"https:\/\/zinklar.com\/precios\/"},"modified":"2025-05-06T07:39:04","modified_gmt":"2025-05-06T07:39:04","slug":"precios","status":"publish","type":"page","link":"https:\/\/zinklar.com\/es\/precios\/","title":{"rendered":"Precios"},"content":{"rendered":"<div class=\"wpb-content-wrapper\"><p>[vc_row full_width=\u00bbstretch_row_content_no_spaces\u00bb el_class=\u00bbno-see\u00bb][vc_column][vc_raw_html css=\u00bb\u00bb]JTNDbGluayUyMHJlbCUzRCUyMnN0eWxlc2hlZXQlMjIlMjBocmVmJTNEJTIyJTJGd3AtY29udGVudCUyRnRoZW1lcyUyRmdlbmVyYXRlcHJlc3NfY2hpbGQlMkZhc3NldHMlMkZzdHlsZXMlMkZjc3MlMkZwYWdlX3RlbXBsYXRlX3VzZV9jYXNlcy5jc3MlMjIlM0UlMEElM0NsaW5rJTIwcmVsJTNEJTIyc3R5bGVzaGVldCUyMiUyMGhyZWYlM0QlMjIlMkZ3cC1jb250ZW50JTJGdGhlbWVzJTJGZ2VuZXJhdGVwcmVzc19jaGlsZCUyRmFzc2V0cyUyRnN0eWxlcyUyRmNzcyUyRmhvbWUuY3NzJTIyJTNFJTBBJTNDbGluayUyMHJlbCUzRCUyMnN0eWxlc2hlZXQlMjIlMjBocmVmJTNEJTIyaHR0cHMlM0ElMkYlMkZjZG4uanNkZWxpdnIubmV0JTJGbnBtJTJGc3dpcGVyJTQwMTAlMkZzd2lwZXItYnVuZGxlLm1pbi5jc3MlMjIlMjAlMkYlM0UlMEElM0NzdHlsZSUzRSUwQS5uby1nYXAlMjAlN0IlMjBnYXAlM0ElMjAwJTIwJTIxaW1wb3J0YW50JTNCJTIwJTdEJTBBJTNDJTJGc3R5bGUlM0U=[\/vc_raw_html][\/vc_column][\/vc_row][vc_row css=\u00bb.vc_custom_1728492444429{background-color: #FF6369 !important;}\u00bb][vc_column][vc_empty_space height=\u00bb150px\u00bb][vc_column_text css=\u00bb\u00bb el_class=\u00bbbigtitle\u00bb]<\/p>\n<h1 style=\"text-align: center;\"><span style=\"color: #000000;\"><b>Paga por lo que usas.<br \/>\n<span style=\"color: #ffffff;\">Sin compromiso<\/span><\/b><\/span><\/h1>\n<p>[\/vc_column_text][vc_empty_space height=\u00bb20px\u00bb][vc_column_text css=\u00bb\u00bb el_class=\u00bbbigtitle\u00bb]<\/p>\n<h4 style=\"text-align: center;\"><span style=\"color: #ffffff;\">Ven por el proyecto, qu\u00e9date por la plataforma y el equipo<\/span><\/h4>\n<p>[\/vc_column_text][vc_empty_space height=\u00bb30px\u00bb][vc_column_text css=\u00bb\u00bb el_class=\u00bbbtn_zkr_black\u00bb]<\/p>\n<p style=\"text-align: center;\"><a href=\"#form\">Habla con nuestros expertos<\/a><\/p>\n<p>[\/vc_column_text][vc_empty_space height=\u00bb100px\u00bb][\/vc_column][\/vc_row][vc_row full_width=\u00bbstretch_row_content_no_spaces\u00bb el_class=\u00bbno-gap\u00bb][vc_column width=\u00bb1\/2&#8243; css=\u00bb.vc_custom_1736337625162{padding-top: 50px !important;padding-bottom: 50px !important;background-color: #000000 !important;background-position: 0 0 !important;background-repeat: no-repeat !important;}\u00bb][vc_empty_space height=\u00bb50px\u00bb][vc_column_text css=\u00bb\u00bb]<\/p>\n<h5 style=\"text-align: center;\"><span style=\"color: #ffffff;\">3 meses sin ataduras. Garantizado<\/span><\/h5>\n<p>[\/vc_column_text][vc_empty_space height=\u00bb30px\u00bb][vc_column_text css=\u00bb\u00bb]<\/p>\n<h1 style=\"text-align: center;\"><strong><span style=\"color: #ffffff;\">Proyecto \u00fanico<\/span><\/strong><\/h1>\n<p>[\/vc_column_text][vc_empty_space height=\u00bb30px\u00bb][vc_column_text css=\u00bb\u00bb el_class=\u00bbbtn_zkr_blue\u00bb]<\/p>\n<p style=\"text-align: center;\"><a href=\"https:\/\/app.zinklar.com\/register\/\">Empieza a usar la plataforma<\/a><\/p>\n<p>[\/vc_column_text][\/vc_column][vc_column width=\u00bb1\/2&#8243; css=\u00bb.vc_custom_1731317316793{padding-top: 50px !important;padding-bottom: 50px !important;background-color: #0000FF !important;}\u00bb][vc_empty_space height=\u00bb50px\u00bb][vc_column_text css=\u00bb\u00bb]<\/p>\n<h5 style=\"text-align: center;\"><span style=\"color: #ffffff;\">Ahorra dinero con el plan anual<\/span><\/h5>\n<p>[\/vc_column_text][vc_empty_space height=\u00bb30px\u00bb][vc_column_text css=\u00bb\u00bb]<\/p>\n<h1 style=\"text-align: center;\"><strong><span style=\"color: #ffffff;\">Suscripci\u00f3n<\/span><\/strong><\/h1>\n<p>[\/vc_column_text][vc_empty_space height=\u00bb30px\u00bb][vc_column_text css=\u00bb\u00bb el_class=\u00bbbtn_zkr_black\u00bb]<\/p>\n<p style=\"text-align: center;\"><a href=\"https:\/\/zinklar.com\/es\/pide-una-demo\/\">Contacta con nuestro equipo<\/a><\/p>\n<p>[\/vc_column_text][\/vc_column][\/vc_row][vc_row full_width=\u00bbstretch_row_content_no_spaces\u00bb css=\u00bb.vc_custom_1731409041924{background-color: #E3E3E3 !important;}\u00bb][vc_column][vc_empty_space height=\u00bb64px\u00bb][vc_row_inner el_class=\u00bbbg2&#8243; css=\u00bb.vc_custom_1736415711300{padding-bottom: 0px !important;}\u00bb][vc_column_inner width=\u00bb1\/2&#8243;][vc_column_text css=\u00bb\u00bb]<\/p>\n<h2><span style=\"color: #000000;\"><strong>Cuanto antes te comprometas, <span style=\"color: #0000ff;\">m\u00e1s ganas<\/span><\/strong><\/span><\/h2>\n<p>[\/vc_column_text][vc_empty_space height=\u00bb30px\u00bb][vc_column_text css=\u00bb\u00bb]<span style=\"color: #000000;\">Zinklar ofrece un enfoque <strong>flexible<\/strong> basado en proyectos para insights, permiti\u00e9ndote lanzar proyectos sin necesidad de suscribirte durante 3 meses, con <strong>acceso completo a la plataforma y precios transparentes<\/strong>. Aprovecha los beneficios de suscribirte anticipadamente y obt\u00e9n acceso continuo a insights de consumidores que impulsan la toma de decisiones.<\/span>[\/vc_column_text][\/vc_column_inner][vc_column_inner width=\u00bb1\/2&#8243;][vc_column_text css=\u00bb\u00bb]<img data-recalc-dims=\"1\" loading=\"lazy\" decoding=\"async\" class=\"aligncenter wp-image-43356 size-full\" src=\"https:\/\/i0.wp.com\/zinklar.com\/wp-content\/uploads\/2025\/01\/image_pricing_1.png?resize=827%2C496&#038;ssl=1\" alt=\"\" width=\"827\" height=\"496\" srcset=\"https:\/\/i0.wp.com\/zinklar.com\/wp-content\/uploads\/2025\/01\/image_pricing_1.png?w=827&amp;ssl=1 827w, https:\/\/i0.wp.com\/zinklar.com\/wp-content\/uploads\/2025\/01\/image_pricing_1.png?resize=768%2C461&amp;ssl=1 768w\" sizes=\"(max-width: 827px) 100vw, 827px\" \/>[\/vc_column_text][\/vc_column_inner][\/vc_row_inner][\/vc_column][\/vc_row][vc_row full_width=\u00bbstretch_row_content_no_spaces\u00bb css=\u00bb.vc_custom_1736343369723{background: #E3E3E3 url(<a href=\"https:\/\/zinklar.com\/wp-content\/uploads\/2025\/01\/zinklar_marketing_mid-age_smiling_and_handsome_receptionist_wor_718d8c2a-1099-40e8-941a-f664cec13cd7.jpg?id=43363\">https:\/\/zinklar.com\/wp-content\/uploads\/2025\/01\/zinklar_marketing_mid-age_smiling_and_handsome_receptionist_wor_718d8c2a-1099-40e8-941a-f664cec13cd7.jpg?id=43363<\/a>) !important;background-position: center !important;background-repeat: no-repeat !important;background-size: cover !important;}\u00bb][vc_column][vc_row_inner el_class=\u00bbbg2 reverse-columns\u00bb css=\u00bb.vc_custom_1731426421199{padding-top: 50px !important;padding-bottom: 50px !important;}\u00bb][vc_column_inner width=\u00bb1\/2&#8243;][\/vc_column_inner][vc_column_inner width=\u00bb1\/2&#8243;][vc_empty_space height=\u00bb50px\u00bb][vc_column_text css=\u00bb\u00bb]<\/p>\n<h2><strong><span style=\"color: #000000;\">Respaldado por <span style=\"color: #0000ff;\">expertos<\/span>, siempre<\/span><\/strong><\/h2>\n<p>[\/vc_column_text][vc_column_text css=\u00bb.vc_custom_1736425561780{padding-top: 20px !important;padding-right: 20px !important;padding-bottom: 20px !important;padding-left: 20px !important;background-color: #FFFFFF !important;border-radius: 20px !important;}\u00bb]<\/p>\n<h6><span style=\"color: #000000;\"><img data-recalc-dims=\"1\" loading=\"lazy\" decoding=\"async\" class=\"alignnone wp-image-43371\" src=\"https:\/\/i0.wp.com\/zinklar.com\/wp-content\/uploads\/2025\/01\/num1.png?resize=50%2C51&#038;ssl=1\" alt=\"\" width=\"50\" height=\"51\" \/> \u00a0 Un <strong>especialista<\/strong> se pondr\u00e1 en contacto contigo y analizar\u00e1 tu situaci\u00f3n en una conversaci\u00f3n de 30 minutos<\/span><\/h6>\n<p>[\/vc_column_text][vc_empty_space height=\u00bb30px\u00bb][vc_column_text css=\u00bb.vc_custom_1736425580465{padding-top: 20px !important;padding-right: 20px !important;padding-bottom: 20px !important;padding-left: 20px !important;background-color: #FFFFFF !important;border-radius: 20px !important;}\u00bb]<\/p>\n<h6><span style=\"color: #000000;\"><img data-recalc-dims=\"1\" loading=\"lazy\" decoding=\"async\" class=\"alignnone wp-image-43373\" src=\"https:\/\/i0.wp.com\/zinklar.com\/wp-content\/uploads\/2025\/01\/num2.png?resize=50%2C51&#038;ssl=1\" alt=\"\" width=\"50\" height=\"51\" \/>\u00a0 Co-creamos una <strong>estrategia de investigaci\u00f3n personalizada<\/strong> alineada con las necesidades de tu negocio<\/span><\/h6>\n<p>[\/vc_column_text][vc_empty_space height=\u00bb30px\u00bb][vc_column_text css=\u00bb.vc_custom_1736425593757{padding-top: 20px !important;padding-right: 20px !important;padding-bottom: 20px !important;padding-left: 20px !important;background-color: #FFFFFF !important;border-radius: 20px !important;}\u00bb]<\/p>\n<h6><span style=\"color: #000000;\"><img data-recalc-dims=\"1\" loading=\"lazy\" decoding=\"async\" class=\"alignnone wp-image-43375\" src=\"https:\/\/i0.wp.com\/zinklar.com\/wp-content\/uploads\/2025\/01\/num3.png?resize=50%2C51&#038;ssl=1\" alt=\"\" width=\"50\" height=\"51\" \/>\u00a0 Selecciona el tipo de estudio y <strong>lanza<\/strong> tu proyecto. En unas horas tendr\u00e1s tus resultados<\/span><\/h6>\n<p>[\/vc_column_text][vc_empty_space height=\u00bb30px\u00bb][vc_column_text css=\u00bb.vc_custom_1736425607849{padding-top: 20px !important;padding-right: 20px !important;padding-bottom: 20px !important;padding-left: 20px !important;background-color: #FFFFFF !important;border-radius: 20px !important;}\u00bb]<\/p>\n<h6><span style=\"color: #000000;\"><img data-recalc-dims=\"1\" loading=\"lazy\" decoding=\"async\" class=\"alignnone wp-image-43377\" src=\"https:\/\/i0.wp.com\/zinklar.com\/wp-content\/uploads\/2025\/01\/num4.png?resize=50%2C51&#038;ssl=1\" alt=\"\" width=\"50\" height=\"51\" \/>\u00a0 Configura la cuenta de tu empresa y comienza a crear tu <strong>encuesta<\/strong> desde el primer d\u00eda<\/span><\/h6>\n<p>[\/vc_column_text][vc_empty_space height=\u00bb30px\u00bb][vc_column_text css=\u00bb.vc_custom_1736425621830{padding-top: 20px !important;padding-right: 20px !important;padding-bottom: 20px !important;padding-left: 20px !important;background-color: #FFFFFF !important;border-radius: 20px !important;}\u00bb]<\/p>\n<h6><span style=\"color: #000000;\"><img data-recalc-dims=\"1\" loading=\"lazy\" decoding=\"async\" class=\"alignnone wp-image-43379\" src=\"https:\/\/i0.wp.com\/zinklar.com\/wp-content\/uploads\/2025\/01\/num5.png?resize=50%2C51&#038;ssl=1\" alt=\"\" width=\"50\" height=\"51\" \/>\u00a0 Recopila <strong>insights de los consumidores<\/strong> y empieza a conocer sus opiniones hoy mismo<\/span><\/h6>\n<p>[\/vc_column_text][\/vc_column_inner][\/vc_row_inner][\/vc_column][\/vc_row][vc_row css=\u00bb.vc_custom_1736343630760{background-color: #E3E3E3 !important;}\u00bb][vc_column][vc_empty_space height=\u00bb64px\u00bb][\/vc_column][\/vc_row][vc_row css=\u00bb.vc_custom_1728307331019{background-color: #E3E3E3 !important;}\u00bb][vc_column width=\u00bb1\/4&#8243;][vc_column_text css=\u00bb\u00bb]<\/p>\n<h2 style=\"text-align: right;\"><span style=\"color: #000000;\"><strong>Preguntas<br \/>\n<span style=\"color: #0000ff;\">Frecuentes<\/span><\/strong><\/span><\/h2>\n<p>[\/vc_column_text][\/vc_column][vc_column width=\u00bb1\/2&#8243;][vc_raw_html css=\u00bb\u00bb]JTVCZXBrYi1mYXFzJTIwZ3JvdXBfaWRzJTNEJTIyMTM5JTIyJTIwZGVzaWduJTNEJTIyNSUyMiU1RCUwQQ==[\/vc_raw_html][vc_empty_space height=\u00bb50px\u00bb][\/vc_column][vc_column width=\u00bb1\/4&#8243;][\/vc_column][\/vc_row][vc_row css=\u00bb.vc_custom_1728308648775{padding-top: 50px !important;padding-bottom: 50px !important;padding-left: 50px !important;background-color: #000000 !important;}\u00bb][vc_column width=\u00bb1\/2&#8243;][vc_empty_space height=\u00bb50px\u00bb][vc_column_text css=\u00bb\u00bb]<\/p>\n<h2><span style=\"color: #ffffff;\"><b>\u00bfTodav\u00eda tienes dudas sobre la <span style=\"color: #ff6369;\">plataforma<\/span>?<\/b><\/span><\/h2>\n<p>[\/vc_column_text][vc_empty_space][vc_column_text css=\u00bb\u00bb]<\/p>\n<h6><span style=\"color: #ffffff;\"><strong>Agenda una reuni\u00f3n con uno de nuestros expertos en la plataforma y te ense\u00f1ar\u00e1:<\/strong><\/span><\/h6>\n<p>[\/vc_column_text][vc_empty_space][vc_column_text css=\u00bb\u00bb el_class=\u00bblist-template list-template-pink\u00bb]<\/p>\n<ul>\n<li><span style=\"color: #ffffff;\">Soporte experto dedicado<\/span><\/li>\n<li><span style=\"color: #ffffff;\">140 millones de consumidores a trav\u00e9s de m\u00e1s de 300 proveedores certificados por ESOMAR e ISO<\/span><\/li>\n<li><span style=\"color: #ffffff;\">Experiencia intuitiva sin importar la experiencia en investigaci\u00f3n de mercado<\/span><\/li>\n<li><span style=\"color: #ffffff;\">Codificaci\u00f3n IA integrada<\/span><\/li>\n<\/ul>\n<p>[\/vc_column_text][\/vc_column][vc_column width=\u00bb1\/2&#8243; el_id=\u00bbform\u00bb css=\u00bb.vc_custom_1728311391270{padding-top: 50px !important;padding-right: 50px !important;padding-bottom: 50px !important;padding-left: 50px !important;background-color: #FFFFFF !important;border-radius: 20px !important;}\u00bb][vc_empty_space][vc_raw_html css=\u00bb\u00bb]JTVCY29udGFjdGZvcm0lMjBjYW1wYWlnbiUzRCUyMnByaWNpbmdfcGFnZSUyMiUyMHJldHVybl91cmwlM0QlMjJodHRwcyUzQSUyRiUyRnppbmtsYXIuY29tJTJGdGhhbmsteW91LWZyZWUlMkYlMjIlNUQ=[\/vc_raw_html][\/vc_column][\/vc_row]<\/p>\n<\/div>","protected":false},"excerpt":{"rendered":"<p>[vc_row full_width=\u00bbstretch_row_content_no_spaces\u00bb el_class=\u00bbno-see\u00bb][vc_column][vc_raw_html css=\u00bb\u00bb]JTNDbGluayUyMHJlbCUzRCUyMnN0eWxlc2hlZXQlMjIlMjBocmVmJTNEJTIyJTJGd3AtY29udGVudCUyRnRoZW1lcyUyRmdlbmVyYXRlcHJlc3NfY2hpbGQlMkZhc3NldHMlMkZzdHlsZXMlMkZjc3MlMkZwYWdlX3RlbXBsYXRlX3VzZV9jYXNlcy5jc3MlMjIlM0UlMEElM0NsaW5rJTIwcmVsJTNEJTIyc3R5bGVzaGVldCUyMiUyMGhyZWYlM0QlMjIlMkZ3cC1jb250ZW50JTJGdGhlbWVzJTJGZ2VuZXJhdGVwcmVzc19jaGlsZCUyRmFzc2V0cyUyRnN0eWxlcyUyRmNzcyUyRmhvbWUuY3NzJTIyJTNFJTBBJTNDbGluayUyMHJlbCUzRCUyMnN0eWxlc2hlZXQlMjIlMjBocmVmJTNEJTIyaHR0cHMlM0ElMkYlMkZjZG4uanNkZWxpdnIubmV0JTJGbnBtJTJGc3dpcGVyJTQwMTAlMkZzd2lwZXItYnVuZGxlLm1pbi5jc3MlMjIlMjAlMkYlM0UlMEElM0NzdHlsZSUzRSUwQS5uby1nYXAlMjAlN0IlMjBnYXAlM0ElMjAwJTIwJTIxaW1wb3J0YW50JTNCJTIwJTdEJTBBJTNDJTJGc3R5bGUlM0U=[\/vc_raw_html][\/vc_column][\/vc_row][vc_row css=\u00bb.vc_custom_1728492444429{background-color: #FF6369 !important;}\u00bb][vc_column][vc_empty_space height=\u00bb150px\u00bb][vc_column_text css=\u00bb\u00bb el_class=\u00bbbigtitle\u00bb] Paga por lo que usas. Sin compromiso [\/vc_column_text][vc_empty_space height=\u00bb20px\u00bb][vc_column_text css=\u00bb\u00bb el_class=\u00bbbigtitle\u00bb] Ven por el proyecto, qu\u00e9date por la plataforma y el equipo [\/vc_column_text][vc_empty_space height=\u00bb30px\u00bb][vc_column_text css=\u00bb\u00bb el_class=\u00bbbtn_zkr_black\u00bb] Habla con nuestros expertos [\/vc_column_text][vc_empty_space height=\u00bb100px\u00bb][\/vc_column][\/vc_row][vc_row full_width=\u00bbstretch_row_content_no_spaces\u00bb el_class=\u00bbno-gap\u00bb][vc_column width=\u00bb1\/2&#8243; css=\u00bb.vc_custom_1736337625162{padding-top: 50px !important;padding-bottom: 50px !important;background-color: #000000 !important;background-position: 0 0 !important;background-repeat: &#8230; <a title=\"Precios\" class=\"read-more\" href=\"https:\/\/zinklar.com\/es\/precios\/\" aria-label=\"Leer m\u00e1s sobre Precios\">Leer m\u00e1s<\/a><\/p>\n","protected":false},"author":4,"featured_media":0,"parent":0,"menu_order":0,"comment_status":"closed","ping_status":"closed","template":"","meta":{"_acf_changed":false,"_coblocks_attr":"","_coblocks_dimensions":"","_coblocks_responsive_height":"","_coblocks_accordion_ie_support":"","_crdt_document":"","footnotes":""},"class_list":["post-34780","page","type-page","status-publish"],"acf":[],"yoast_head":"<!-- This site is optimized with the Yoast SEO plugin v27.3 - https:\/\/yoast.com\/product\/yoast-seo-wordpress\/ -->\n<title>Precios - Zinklar<\/title>\n<meta name=\"robots\" content=\"index, follow, max-snippet:-1, max-image-preview:large, max-video-preview:-1\" \/>\n<link rel=\"canonical\" href=\"https:\/\/zinklar.com\/es\/precios\/\" \/>\n<meta property=\"og:locale\" content=\"es_ES\" \/>\n<meta property=\"og:type\" content=\"article\" \/>\n<meta property=\"og:title\" content=\"Precios - Zinklar\" \/>\n<meta property=\"og:description\" content=\"[vc_row full_width=\u00bbstretch_row_content_no_spaces\u00bb el_class=\u00bbno-see\u00bb][vc_column][vc_raw_html css=\u00bb\u00bb]JTNDbGluayUyMHJlbCUzRCUyMnN0eWxlc2hlZXQlMjIlMjBocmVmJTNEJTIyJTJGd3AtY29udGVudCUyRnRoZW1lcyUyRmdlbmVyYXRlcHJlc3NfY2hpbGQlMkZhc3NldHMlMkZzdHlsZXMlMkZjc3MlMkZwYWdlX3RlbXBsYXRlX3VzZV9jYXNlcy5jc3MlMjIlM0UlMEElM0NsaW5rJTIwcmVsJTNEJTIyc3R5bGVzaGVldCUyMiUyMGhyZWYlM0QlMjIlMkZ3cC1jb250ZW50JTJGdGhlbWVzJTJGZ2VuZXJhdGVwcmVzc19jaGlsZCUyRmFzc2V0cyUyRnN0eWxlcyUyRmNzcyUyRmhvbWUuY3NzJTIyJTNFJTBBJTNDbGluayUyMHJlbCUzRCUyMnN0eWxlc2hlZXQlMjIlMjBocmVmJTNEJTIyaHR0cHMlM0ElMkYlMkZjZG4uanNkZWxpdnIubmV0JTJGbnBtJTJGc3dpcGVyJTQwMTAlMkZzd2lwZXItYnVuZGxlLm1pbi5jc3MlMjIlMjAlMkYlM0UlMEElM0NzdHlsZSUzRSUwQS5uby1nYXAlMjAlN0IlMjBnYXAlM0ElMjAwJTIwJTIxaW1wb3J0YW50JTNCJTIwJTdEJTBBJTNDJTJGc3R5bGUlM0U=[\/vc_raw_html][\/vc_column][\/vc_row][vc_row css=\u00bb.vc_custom_1728492444429{background-color: #FF6369 !important;}\u00bb][vc_column][vc_empty_space height=\u00bb150px\u00bb][vc_column_text css=\u00bb\u00bb el_class=\u00bbbigtitle\u00bb] Paga por lo que usas. Sin compromiso [\/vc_column_text][vc_empty_space height=\u00bb20px\u00bb][vc_column_text css=\u00bb\u00bb el_class=\u00bbbigtitle\u00bb] Ven por el proyecto, qu\u00e9date por la plataforma y el equipo [\/vc_column_text][vc_empty_space height=\u00bb30px\u00bb][vc_column_text css=\u00bb\u00bb el_class=\u00bbbtn_zkr_black\u00bb] Habla con nuestros expertos [\/vc_column_text][vc_empty_space height=\u00bb100px\u00bb][\/vc_column][\/vc_row][vc_row full_width=\u00bbstretch_row_content_no_spaces\u00bb el_class=\u00bbno-gap\u00bb][vc_column width=\u00bb1\/2&#8243; css=\u00bb.vc_custom_1736337625162{padding-top: 50px !important;padding-bottom: 50px !important;background-color: #000000 !important;background-position: 0 0 !important;background-repeat: ... Leer m\u00e1s\" \/>\n<meta property=\"og:url\" content=\"https:\/\/zinklar.com\/es\/precios\/\" \/>\n<meta property=\"og:site_name\" content=\"Zinklar\" \/>\n<meta property=\"article:modified_time\" content=\"2025-05-06T07:39:04+00:00\" \/>\n<meta property=\"og:image\" content=\"https:\/\/zinklarwebsite.wpcomstaging.com\/wp-content\/uploads\/2025\/01\/image_pricing_1.png\" \/>\n<meta name=\"twitter:card\" content=\"summary_large_image\" \/>\n<meta name=\"twitter:label1\" content=\"Tiempo de lectura\" \/>\n\t<meta name=\"twitter:data1\" content=\"4 minutos\" \/>\n<script type=\"application\/ld+json\" class=\"yoast-schema-graph\">{\"@context\":\"https:\\\/\\\/schema.org\",\"@graph\":[{\"@type\":\"WebPage\",\"@id\":\"https:\\\/\\\/zinklar.com\\\/es\\\/precios\\\/\",\"url\":\"https:\\\/\\\/zinklar.com\\\/es\\\/precios\\\/\",\"name\":\"Precios - Zinklar\",\"isPartOf\":{\"@id\":\"\\\/#website\"},\"primaryImageOfPage\":{\"@id\":\"https:\\\/\\\/zinklar.com\\\/es\\\/precios\\\/#primaryimage\"},\"image\":{\"@id\":\"https:\\\/\\\/zinklar.com\\\/es\\\/precios\\\/#primaryimage\"},\"thumbnailUrl\":\"https:\\\/\\\/zinklar.com\\\/wp-content\\\/uploads\\\/2025\\\/01\\\/image_pricing_1.png\",\"datePublished\":\"2023-06-13T11:53:09+00:00\",\"dateModified\":\"2025-05-06T07:39:04+00:00\",\"breadcrumb\":{\"@id\":\"https:\\\/\\\/zinklar.com\\\/es\\\/precios\\\/#breadcrumb\"},\"inLanguage\":\"es\",\"potentialAction\":[{\"@type\":\"ReadAction\",\"target\":[\"https:\\\/\\\/zinklar.com\\\/es\\\/precios\\\/\"]}]},{\"@type\":\"ImageObject\",\"inLanguage\":\"es\",\"@id\":\"https:\\\/\\\/zinklar.com\\\/es\\\/precios\\\/#primaryimage\",\"url\":\"https:\\\/\\\/zinklar.com\\\/wp-content\\\/uploads\\\/2025\\\/01\\\/image_pricing_1.png\",\"contentUrl\":\"https:\\\/\\\/zinklar.com\\\/wp-content\\\/uploads\\\/2025\\\/01\\\/image_pricing_1.png\"},{\"@type\":\"BreadcrumbList\",\"@id\":\"https:\\\/\\\/zinklar.com\\\/es\\\/precios\\\/#breadcrumb\",\"itemListElement\":[{\"@type\":\"ListItem\",\"position\":1,\"name\":\"Home\",\"item\":\"https:\\\/\\\/zinklarwebsite.wpcomstaging.com\\\/es\\\/\"},{\"@type\":\"ListItem\",\"position\":2,\"name\":\"Precios\"}]},{\"@type\":\"WebSite\",\"@id\":\"\\\/#website\",\"url\":\"\\\/\",\"name\":\"Zinklar\",\"description\":\"\",\"publisher\":{\"@id\":\"\\\/#organization\"},\"potentialAction\":[{\"@type\":\"SearchAction\",\"target\":{\"@type\":\"EntryPoint\",\"urlTemplate\":\"\\\/?s={search_term_string}\"},\"query-input\":{\"@type\":\"PropertyValueSpecification\",\"valueRequired\":true,\"valueName\":\"search_term_string\"}}],\"inLanguage\":\"es\"},{\"@type\":\"Organization\",\"@id\":\"\\\/#organization\",\"name\":\"Zinklar\",\"url\":\"\\\/\",\"logo\":{\"@type\":\"ImageObject\",\"inLanguage\":\"es\",\"@id\":\"\\\/#\\\/schema\\\/logo\\\/image\\\/\",\"url\":\"https:\\\/\\\/zinklar.com\\\/wp-content\\\/uploads\\\/2023\\\/06\\\/white-logo.svg\",\"contentUrl\":\"https:\\\/\\\/zinklar.com\\\/wp-content\\\/uploads\\\/2023\\\/06\\\/white-logo.svg\",\"width\":115,\"height\":35,\"caption\":\"Zinklar\"},\"image\":{\"@id\":\"\\\/#\\\/schema\\\/logo\\\/image\\\/\"}}]}<\/script>\n<!-- \/ Yoast SEO plugin. -->","yoast_head_json":{"title":"Precios - Zinklar","robots":{"index":"index","follow":"follow","max-snippet":"max-snippet:-1","max-image-preview":"max-image-preview:large","max-video-preview":"max-video-preview:-1"},"canonical":"https:\/\/zinklar.com\/es\/precios\/","og_locale":"es_ES","og_type":"article","og_title":"Precios - Zinklar","og_description":"[vc_row full_width=\u00bbstretch_row_content_no_spaces\u00bb el_class=\u00bbno-see\u00bb][vc_column][vc_raw_html css=\u00bb\u00bb]JTNDbGluayUyMHJlbCUzRCUyMnN0eWxlc2hlZXQlMjIlMjBocmVmJTNEJTIyJTJGd3AtY29udGVudCUyRnRoZW1lcyUyRmdlbmVyYXRlcHJlc3NfY2hpbGQlMkZhc3NldHMlMkZzdHlsZXMlMkZjc3MlMkZwYWdlX3RlbXBsYXRlX3VzZV9jYXNlcy5jc3MlMjIlM0UlMEElM0NsaW5rJTIwcmVsJTNEJTIyc3R5bGVzaGVldCUyMiUyMGhyZWYlM0QlMjIlMkZ3cC1jb250ZW50JTJGdGhlbWVzJTJGZ2VuZXJhdGVwcmVzc19jaGlsZCUyRmFzc2V0cyUyRnN0eWxlcyUyRmNzcyUyRmhvbWUuY3NzJTIyJTNFJTBBJTNDbGluayUyMHJlbCUzRCUyMnN0eWxlc2hlZXQlMjIlMjBocmVmJTNEJTIyaHR0cHMlM0ElMkYlMkZjZG4uanNkZWxpdnIubmV0JTJGbnBtJTJGc3dpcGVyJTQwMTAlMkZzd2lwZXItYnVuZGxlLm1pbi5jc3MlMjIlMjAlMkYlM0UlMEElM0NzdHlsZSUzRSUwQS5uby1nYXAlMjAlN0IlMjBnYXAlM0ElMjAwJTIwJTIxaW1wb3J0YW50JTNCJTIwJTdEJTBBJTNDJTJGc3R5bGUlM0U=[\/vc_raw_html][\/vc_column][\/vc_row][vc_row css=\u00bb.vc_custom_1728492444429{background-color: #FF6369 !important;}\u00bb][vc_column][vc_empty_space height=\u00bb150px\u00bb][vc_column_text css=\u00bb\u00bb el_class=\u00bbbigtitle\u00bb] Paga por lo que usas. Sin compromiso [\/vc_column_text][vc_empty_space height=\u00bb20px\u00bb][vc_column_text css=\u00bb\u00bb el_class=\u00bbbigtitle\u00bb] Ven por el proyecto, qu\u00e9date por la plataforma y el equipo [\/vc_column_text][vc_empty_space height=\u00bb30px\u00bb][vc_column_text css=\u00bb\u00bb el_class=\u00bbbtn_zkr_black\u00bb] Habla con nuestros expertos [\/vc_column_text][vc_empty_space height=\u00bb100px\u00bb][\/vc_column][\/vc_row][vc_row full_width=\u00bbstretch_row_content_no_spaces\u00bb el_class=\u00bbno-gap\u00bb][vc_column width=\u00bb1\/2&#8243; css=\u00bb.vc_custom_1736337625162{padding-top: 50px !important;padding-bottom: 50px !important;background-color: #000000 !important;background-position: 0 0 !important;background-repeat: ... Leer m\u00e1s","og_url":"https:\/\/zinklar.com\/es\/precios\/","og_site_name":"Zinklar","article_modified_time":"2025-05-06T07:39:04+00:00","og_image":[{"url":"https:\/\/zinklarwebsite.wpcomstaging.com\/wp-content\/uploads\/2025\/01\/image_pricing_1.png","type":"","width":"","height":""}],"twitter_card":"summary_large_image","twitter_misc":{"Tiempo de lectura":"4 minutos"},"schema":{"@context":"https:\/\/schema.org","@graph":[{"@type":"WebPage","@id":"https:\/\/zinklar.com\/es\/precios\/","url":"https:\/\/zinklar.com\/es\/precios\/","name":"Precios - Zinklar","isPartOf":{"@id":"\/#website"},"primaryImageOfPage":{"@id":"https:\/\/zinklar.com\/es\/precios\/#primaryimage"},"image":{"@id":"https:\/\/zinklar.com\/es\/precios\/#primaryimage"},"thumbnailUrl":"https:\/\/zinklar.com\/wp-content\/uploads\/2025\/01\/image_pricing_1.png","datePublished":"2023-06-13T11:53:09+00:00","dateModified":"2025-05-06T07:39:04+00:00","breadcrumb":{"@id":"https:\/\/zinklar.com\/es\/precios\/#breadcrumb"},"inLanguage":"es","potentialAction":[{"@type":"ReadAction","target":["https:\/\/zinklar.com\/es\/precios\/"]}]},{"@type":"ImageObject","inLanguage":"es","@id":"https:\/\/zinklar.com\/es\/precios\/#primaryimage","url":"https:\/\/zinklar.com\/wp-content\/uploads\/2025\/01\/image_pricing_1.png","contentUrl":"https:\/\/zinklar.com\/wp-content\/uploads\/2025\/01\/image_pricing_1.png"},{"@type":"BreadcrumbList","@id":"https:\/\/zinklar.com\/es\/precios\/#breadcrumb","itemListElement":[{"@type":"ListItem","position":1,"name":"Home","item":"https:\/\/zinklarwebsite.wpcomstaging.com\/es\/"},{"@type":"ListItem","position":2,"name":"Precios"}]},{"@type":"WebSite","@id":"\/#website","url":"\/","name":"Zinklar","description":"","publisher":{"@id":"\/#organization"},"potentialAction":[{"@type":"SearchAction","target":{"@type":"EntryPoint","urlTemplate":"\/?s={search_term_string}"},"query-input":{"@type":"PropertyValueSpecification","valueRequired":true,"valueName":"search_term_string"}}],"inLanguage":"es"},{"@type":"Organization","@id":"\/#organization","name":"Zinklar","url":"\/","logo":{"@type":"ImageObject","inLanguage":"es","@id":"\/#\/schema\/logo\/image\/","url":"https:\/\/zinklar.com\/wp-content\/uploads\/2023\/06\/white-logo.svg","contentUrl":"https:\/\/zinklar.com\/wp-content\/uploads\/2023\/06\/white-logo.svg","width":115,"height":35,"caption":"Zinklar"},"image":{"@id":"\/#\/schema\/logo\/image\/"}}]}},"jetpack_shortlink":"https:\/\/wp.me\/PdnyBR-92Y","jetpack_sharing_enabled":true,"_links":{"self":[{"href":"https:\/\/zinklar.com\/es\/wp-json\/wp\/v2\/pages\/34780","targetHints":{"allow":["GET"]}}],"collection":[{"href":"https:\/\/zinklar.com\/es\/wp-json\/wp\/v2\/pages"}],"about":[{"href":"https:\/\/zinklar.com\/es\/wp-json\/wp\/v2\/types\/page"}],"author":[{"embeddable":true,"href":"https:\/\/zinklar.com\/es\/wp-json\/wp\/v2\/users\/4"}],"replies":[{"embeddable":true,"href":"https:\/\/zinklar.com\/es\/wp-json\/wp\/v2\/comments?post=34780"}],"version-history":[{"count":27,"href":"https:\/\/zinklar.com\/es\/wp-json\/wp\/v2\/pages\/34780\/revisions"}],"predecessor-version":[{"id":43641,"href":"https:\/\/zinklar.com\/es\/wp-json\/wp\/v2\/pages\/34780\/revisions\/43641"}],"wp:attachment":[{"href":"https:\/\/zinklar.com\/es\/wp-json\/wp\/v2\/media?parent=34780"}],"curies":[{"name":"wp","href":"https:\/\/api.w.org\/{rel}","templated":true}]}}