{"id":34959,"date":"2023-08-24T11:55:18","date_gmt":"2023-08-24T11:55:18","guid":{"rendered":"https:\/\/zinklar.com\/publicidad-creativa\/"},"modified":"2025-05-06T07:43:27","modified_gmt":"2025-05-06T07:43:27","slug":"publicidad-creativa","status":"publish","type":"page","link":"https:\/\/zinklar.com\/es\/publicidad-creativa\/","title":{"rendered":"Publicidad Creativa"},"content":{"rendered":"<div class=\"wpb-content-wrapper\"><p>[vc_row full_width=\u00bbstretch_row_content_no_spaces\u00bb el_class=\u00bbno-see\u00bb][vc_column][vc_raw_html]PGxpbmsgcmVsPSJzdHlsZXNoZWV0IiBocmVmPSJodHRwczovL3ppbmtsYXIuY29tL3dwLWNvbnRlbnQvdGhlbWVzL2dlbmVyYXRlcHJlc3NfY2hpbGQvYXNzZXRzL3N0eWxlcy9jc3MvcGFnZV90ZW1wbGF0ZV91c2VfY2FzZXMuY3NzIj4=[\/vc_raw_html][\/vc_column][\/vc_row][vc_row full_width=\u00bbstretch_row_content_no_spaces\u00bb el_class=\u00bbbanner\u00bb css=\u00bb.vc_custom_1714126019652{background-color: #e3e3e3 !important;background-position: center !important;background-repeat: no-repeat !important;background-size: cover !important;}\u00bb][vc_column][vc_row_inner][vc_column_inner width=\u00bb1\/2&#8243;][vc_column_text el_class=\u00bbtitle-banner\u00bb]<span style=\"color: #0000ff;\">Publicidad Creativa<\/span><\/p>\n<h1><strong><span style=\"color: #0000ff;\">Eval\u00faa, analiza y <\/span><span style=\"color: #000000;\"><span style=\"color: #0000ff;\">perfecciona<\/span> tus campa\u00f1as<\/span><\/strong><\/h1>\n<p>[\/vc_column_text][vc_empty_space height=\u00bb10px\u00bb][vc_column_text el_class=\u00bbtxt1&#8243;]<\/p>\n<h5><span style=\"font-weight: 400;\">Crear campa\u00f1as publicitarias que sean innovadoras, atractivas y emocionalmente resonantes va m\u00e1s all\u00e1 de transmitir las caracter\u00edsticas y beneficios de un producto o servicio; se debe crear una experiencia memorable y de impacto para la audiencia.\u00a0<\/span><\/h5>\n<p>[\/vc_column_text][\/vc_column_inner][vc_column_inner width=\u00bb1\/2&#8243;][vc_column_text el_class=\u00bbimg-banner\u00bb]<img data-recalc-dims=\"1\" loading=\"lazy\" decoding=\"async\" data-attachment-id=\"38629\" data-permalink=\"https:\/\/zinklar.com\/es\/comprension-del-mercado\/attachment\/marketunderstanding-graf-1-2\/#main\" data-orig-file=\"https:\/\/i0.wp.com\/zinklar.com\/wp-content\/uploads\/2024\/04\/marketunderstanding-graf-1.png?fit=500%2C500&amp;ssl=1\" data-orig-size=\"500,500\" data-comments-opened=\"0\" data-image-meta=\"{&quot;aperture&quot;:&quot;0&quot;,&quot;credit&quot;:&quot;&quot;,&quot;camera&quot;:&quot;&quot;,&quot;caption&quot;:&quot;&quot;,&quot;created_timestamp&quot;:&quot;0&quot;,&quot;copyright&quot;:&quot;&quot;,&quot;focal_length&quot;:&quot;0&quot;,&quot;iso&quot;:&quot;0&quot;,&quot;shutter_speed&quot;:&quot;0&quot;,&quot;title&quot;:&quot;&quot;,&quot;orientation&quot;:&quot;0&quot;}\" data-image-title=\"marketunderstanding-graf-1\" data-image-description=\"\" data-image-caption=\"\" data-medium-file=\"https:\/\/i0.wp.com\/zinklar.com\/wp-content\/uploads\/2024\/04\/marketunderstanding-graf-1.png?fit=300%2C300&amp;ssl=1\" data-large-file=\"https:\/\/i0.wp.com\/zinklar.com\/wp-content\/uploads\/2024\/04\/marketunderstanding-graf-1.png?fit=500%2C500&amp;ssl=1\" class=\"alignnone wp-image-38629 size-full\" src=\"https:\/\/i0.wp.com\/zinklar.com\/wp-content\/uploads\/2024\/04\/marketunderstanding-graf-1.png?resize=500%2C500&#038;ssl=1\" alt=\"\" width=\"500\" height=\"500\" srcset=\"https:\/\/i0.wp.com\/zinklar.com\/wp-content\/uploads\/2024\/04\/marketunderstanding-graf-1.png?w=500&amp;ssl=1 500w, https:\/\/i0.wp.com\/zinklar.com\/wp-content\/uploads\/2024\/04\/marketunderstanding-graf-1.png?resize=300%2C300&amp;ssl=1 300w, https:\/\/i0.wp.com\/zinklar.com\/wp-content\/uploads\/2024\/04\/marketunderstanding-graf-1.png?resize=150%2C150&amp;ssl=1 150w, https:\/\/i0.wp.com\/zinklar.com\/wp-content\/uploads\/2024\/04\/marketunderstanding-graf-1.png?resize=400%2C400&amp;ssl=1 400w, https:\/\/i0.wp.com\/zinklar.com\/wp-content\/uploads\/2024\/04\/marketunderstanding-graf-1.png?resize=200%2C200&amp;ssl=1 200w\" sizes=\"(max-width: 500px) 100vw, 500px\" \/>[\/vc_column_text][\/vc_column_inner][\/vc_row_inner][\/vc_column][\/vc_row][vc_row full_width=\u00bbstretch_row_content_no_spaces\u00bb el_class=\u00bbbg-general bg1 block1&#8243; css=\u00bb.vc_custom_1714126080854{background-color: #ff6369 !important;}\u00bb][vc_column width=\u00bb1\/2&#8243; css=\u00bb.vc_custom_1714126068021{background-position: 0 0 !important;background-repeat: no-repeat !important;}\u00bb][vc_single_image image=\u00bb38995&#8243; img_size=\u00bbfull\u00bb][\/vc_column][vc_column width=\u00bb1\/2&#8243;][vc_column_text el_class=\u00bbtitle1&#8243;]<\/p>\n<h2><strong><span style=\"color: #ffffff;\">Pon a prueba<span style=\"color: #000000;\"> tus narrativas<\/span> en las primeras etapas de creaci\u00f3n<\/span><\/strong><b><\/b><\/h2>\n<p>[\/vc_column_text][vc_column_text el_class=\u00bblist-template\u00bb]<\/p>\n<ul>\n<li><span style=\"color: #ffffff;\">Obt\u00e9n feedback de tu p\u00fablico objetivo para determinar su nivel de inter\u00e9s, comprensi\u00f3n y aceptaci\u00f3n del concepto propuesto.<\/span><\/li>\n<li><span style=\"color: #ffffff;\">Identifica fortalezas y debilidades en el contenido del anuncio, el mensaje, el dise\u00f1o y el atractivo general, y toma decisiones informadas sobre si proceder con el anuncio tal como est\u00e1, hacer ajustes o elegir un enfoque alternativo.<\/span><\/li>\n<li style=\"font-weight: 400;\" aria-level=\"1\"><span style=\"color: #ffffff;\">Descubre qu\u00e9 tan bien amplifica tu propuesta con tu p\u00fablico objetivo, si es cre\u00edble y si comunica eficazmente el mensaje deseado.<\/span><\/li>\n<\/ul>\n<p>[\/vc_column_text][\/vc_column][\/vc_row][vc_row full_width=\u00bbstretch_row_content_no_spaces\u00bb el_class=\u00bbbg-general bg2 block2&#8243;][vc_column width=\u00bb1\/2&#8243;][vc_column_text el_class=\u00bbtitle2&#8243;]<\/p>\n<h2><strong><span style=\"color: #000000;\">Crea mensajes <span style=\"color: #0000ff;\">persuasivos e innovadores<\/span><\/span><\/strong><\/h2>\n<p>[\/vc_column_text][vc_column_text el_class=\u00bblist-template\u00bb]<\/p>\n<ul>\n<li style=\"font-weight: 400;\" aria-level=\"1\"><span style=\"font-weight: 400;\">Aseg\u00farate de que tu mensaje sea atractivo, memorable y relevante para las necesidades de tu audiencia.<\/span><\/li>\n<li style=\"font-weight: 400;\" aria-level=\"1\"><span style=\"font-weight: 400;\">Crea dise\u00f1os visualmente atractivos que se alineen con tu concepto creativo y transmitan el mensaje de manera efectiva. <\/span><\/li>\n<li style=\"font-weight: 400;\" aria-level=\"1\"><span style=\"font-weight: 400;\">Aseg\u00farate de que el dise\u00f1o sea llamativo, est\u00e9ticamente agradable y coherente con la identidad de tu marca.<\/span><\/li>\n<\/ul>\n<p>[\/vc_column_text][\/vc_column][vc_column width=\u00bb1\/2&#8243; css=\u00bb.vc_custom_1693223101945{background-position: 0 0 !important;background-repeat: no-repeat !important;}\u00bb][vc_single_image image=\u00bb39380&#8243; img_size=\u00bbfull\u00bb][\/vc_column][\/vc_row][vc_row full_width=\u00bbstretch_row_content_no_spaces\u00bb el_class=\u00bbbg-general bg1 block3&#8243;][vc_column width=\u00bb1\/2&#8243; css=\u00bb.vc_custom_1693223129682{background-position: 0 0 !important;background-repeat: no-repeat !important;}\u00bb][vc_single_image image=\u00bb38636&#8243; img_size=\u00bbfull\u00bb][\/vc_column][vc_column width=\u00bb1\/2&#8243;][vc_column_text el_class=\u00bbtitle3&#8243;]<\/p>\n<h2><strong><span style=\"color: #000000;\"><span class=\"blue\" style=\"color: #0000ff;\"><span style=\"color: #000000;\"><span style=\"color: #0000ff;\"><span style=\"color: #000000;\"><span style=\"color: #0000ff;\">Mide el impacto<\/span> de tus creaciones<\/span><\/span><\/span><\/span><\/span><\/strong><\/h2>\n<p>[\/vc_column_text][vc_column_text el_class=\u00bblist-template\u00bb]<\/p>\n<ul>\n<li style=\"font-weight: 400;\" aria-level=\"1\"><span style=\"font-weight: 400;\">Eval\u00faa si el anuncio logr\u00f3 sus objetivos y obt\u00e9n insights sobre su impacto en las actitudes, comportamientos y percepciones de los consumidores.<\/span><\/li>\n<li style=\"font-weight: 400;\" aria-level=\"1\"><span style=\"font-weight: 400;\">Mide el aumento del conocimiento de tu marca y el grado en que la campa\u00f1a hizo que la marca fuera m\u00e1s reconocible para los consumidores.<\/span><\/li>\n<li style=\"font-weight: 400;\" aria-level=\"1\"><span style=\"font-weight: 400;\">Eval\u00faa el aumento en la asociaci\u00f3n de mensajes o cualidades espec\u00edficas con la marca por parte de los consumidores.<\/span><\/li>\n<\/ul>\n<p>[\/vc_column_text][\/vc_column][\/vc_row][vc_row full_width=\u00bbstretch_row_content_no_spaces\u00bb el_class=\u00bbbg-form\u00bb css=\u00bb.vc_custom_1714126302270{background-color: #000000 !important;}\u00bb][vc_column width=\u00bb1\/2&#8243;][vc_column_text el_class=\u00bbtitle5&#8243;]<\/p>\n<h2><span style=\"color: #ffffff;\">Descubre lo que <span class=\"blue\" style=\"color: #0000ff;\">Zinklar<\/span> puede hacer por tu marca<\/span><\/h2>\n<p>[\/vc_column_text][vc_column_text]<span style=\"color: #ffffff;\">Si quieres comprender mejor el mercado, desarrollar y probar productos\/conceptos innovadores, realizar Pre-test y Post-test publicitarios, monitorizar la experiencia del consumidor o gestionar la salud de tu marca.<\/span>[\/vc_column_text][vc_empty_space height=\u00bb10px\u00bb][vc_column_text]<span style=\"color: #ffffff;\">Nuestra demo responder\u00e1 a tus preguntas para que puedas ver por qu\u00e9 Zinklar es la mejor opci\u00f3n para cubrir tus necesidades espec\u00edficas de insights.<\/span>[\/vc_column_text][\/vc_column][vc_column width=\u00bb1\/2&#8243; el_class=\u00bbcol-form\u00bb][vc_raw_js]JTVCY29udGFjdGZvcm0lMjBjYW1wYWlnbiUzRCUyMnByb2R1Y3RfcGFnZSUyMiUyMHJldHVybl91cmwlM0QlMjJodHRwcyUzQSUyRiUyRnppbmtsYXIuY29tJTJGdGhhbmsteW91LWZyZWUlMkYlMjIlNUQ=[\/vc_raw_js][\/vc_column][\/vc_row]<\/p>\n<\/div>","protected":false},"excerpt":{"rendered":"<p>[vc_row full_width=\u00bbstretch_row_content_no_spaces\u00bb el_class=\u00bbno-see\u00bb][vc_column][vc_raw_html]PGxpbmsgcmVsPSJzdHlsZXNoZWV0IiBocmVmPSJodHRwczovL3ppbmtsYXIuY29tL3dwLWNvbnRlbnQvdGhlbWVzL2dlbmVyYXRlcHJlc3NfY2hpbGQvYXNzZXRzL3N0eWxlcy9jc3MvcGFnZV90ZW1wbGF0ZV91c2VfY2FzZXMuY3NzIj4=[\/vc_raw_html][\/vc_column][\/vc_row][vc_row full_width=\u00bbstretch_row_content_no_spaces\u00bb el_class=\u00bbbanner\u00bb css=\u00bb.vc_custom_1714126019652{background-color: #e3e3e3 !important;background-position: center !important;background-repeat: no-repeat !important;background-size: cover !important;}\u00bb][vc_column][vc_row_inner][vc_column_inner width=\u00bb1\/2&#8243;][vc_column_text el_class=\u00bbtitle-banner\u00bb]Publicidad Creativa Eval\u00faa, analiza y perfecciona tus campa\u00f1as [\/vc_column_text][vc_empty_space height=\u00bb10px\u00bb][vc_column_text el_class=\u00bbtxt1&#8243;] Crear campa\u00f1as publicitarias que sean innovadoras, atractivas y emocionalmente resonantes va m\u00e1s all\u00e1 de transmitir las caracter\u00edsticas y beneficios de un producto o servicio; se debe crear una experiencia &#8230; <a title=\"Publicidad Creativa\" class=\"read-more\" href=\"https:\/\/zinklar.com\/es\/publicidad-creativa\/\" aria-label=\"Leer m\u00e1s sobre Publicidad Creativa\">Leer m\u00e1s<\/a><\/p>\n","protected":false},"author":4,"featured_media":0,"parent":0,"menu_order":0,"comment_status":"closed","ping_status":"closed","template":"","meta":{"_acf_changed":false,"_coblocks_attr":"","_coblocks_dimensions":"","_coblocks_responsive_height":"","_coblocks_accordion_ie_support":"","_crdt_document":"","footnotes":""},"class_list":["post-34959","page","type-page","status-publish"],"acf":[],"yoast_head":"<!-- This site is optimized with the Yoast SEO plugin v27.3 - https:\/\/yoast.com\/product\/yoast-seo-wordpress\/ -->\n<title>Domina la Publicidad Creativa para un Impacto Duradero<\/title>\n<meta name=\"description\" content=\"Perfecciona campa\u00f1as, cautiva a la audiencia y despierta fidelidad con una publicidad creativa. \u00bfListo para elevar tu marca?\" \/>\n<meta name=\"robots\" content=\"index, follow, max-snippet:-1, max-image-preview:large, max-video-preview:-1\" \/>\n<link rel=\"canonical\" href=\"https:\/\/zinklar.com\/es\/publicidad-creativa\/\" \/>\n<meta property=\"og:locale\" content=\"es_ES\" \/>\n<meta property=\"og:type\" content=\"article\" \/>\n<meta property=\"og:title\" content=\"Domina la Publicidad Creativa para un Impacto Duradero\" \/>\n<meta property=\"og:description\" content=\"Perfecciona campa\u00f1as, cautiva a la audiencia y despierta fidelidad con una publicidad creativa. \u00bfListo para elevar tu marca?\" \/>\n<meta property=\"og:url\" content=\"https:\/\/zinklar.com\/es\/publicidad-creativa\/\" \/>\n<meta property=\"og:site_name\" content=\"Zinklar\" \/>\n<meta property=\"article:modified_time\" content=\"2025-05-06T07:43:27+00:00\" \/>\n<meta property=\"og:image\" content=\"https:\/\/zinklar.com\/wp-content\/uploads\/2024\/04\/marketunderstanding-graf-1.png\" \/>\n<meta name=\"twitter:card\" content=\"summary_large_image\" \/>\n<meta name=\"twitter:label1\" content=\"Tiempo de lectura\" \/>\n\t<meta name=\"twitter:data1\" content=\"3 minutos\" \/>\n<script type=\"application\/ld+json\" class=\"yoast-schema-graph\">{\"@context\":\"https:\\\/\\\/schema.org\",\"@graph\":[{\"@type\":\"WebPage\",\"@id\":\"https:\\\/\\\/zinklar.com\\\/es\\\/publicidad-creativa\\\/\",\"url\":\"https:\\\/\\\/zinklar.com\\\/es\\\/publicidad-creativa\\\/\",\"name\":\"Domina la Publicidad Creativa para un Impacto Duradero\",\"isPartOf\":{\"@id\":\"\\\/#website\"},\"primaryImageOfPage\":{\"@id\":\"https:\\\/\\\/zinklar.com\\\/es\\\/publicidad-creativa\\\/#primaryimage\"},\"image\":{\"@id\":\"https:\\\/\\\/zinklar.com\\\/es\\\/publicidad-creativa\\\/#primaryimage\"},\"thumbnailUrl\":\"https:\\\/\\\/zinklar.com\\\/wp-content\\\/uploads\\\/2024\\\/04\\\/marketunderstanding-graf-1.png\",\"datePublished\":\"2023-08-24T11:55:18+00:00\",\"dateModified\":\"2025-05-06T07:43:27+00:00\",\"description\":\"Perfecciona campa\u00f1as, cautiva a la audiencia y despierta fidelidad con una publicidad creativa. \u00bfListo para elevar tu marca?\",\"breadcrumb\":{\"@id\":\"https:\\\/\\\/zinklar.com\\\/es\\\/publicidad-creativa\\\/#breadcrumb\"},\"inLanguage\":\"es\",\"potentialAction\":[{\"@type\":\"ReadAction\",\"target\":[\"https:\\\/\\\/zinklar.com\\\/es\\\/publicidad-creativa\\\/\"]}]},{\"@type\":\"ImageObject\",\"inLanguage\":\"es\",\"@id\":\"https:\\\/\\\/zinklar.com\\\/es\\\/publicidad-creativa\\\/#primaryimage\",\"url\":\"https:\\\/\\\/zinklar.com\\\/wp-content\\\/uploads\\\/2024\\\/04\\\/marketunderstanding-graf-1.png\",\"contentUrl\":\"https:\\\/\\\/zinklar.com\\\/wp-content\\\/uploads\\\/2024\\\/04\\\/marketunderstanding-graf-1.png\"},{\"@type\":\"BreadcrumbList\",\"@id\":\"https:\\\/\\\/zinklar.com\\\/es\\\/publicidad-creativa\\\/#breadcrumb\",\"itemListElement\":[{\"@type\":\"ListItem\",\"position\":1,\"name\":\"Home\",\"item\":\"https:\\\/\\\/zinklarwebsite.wpcomstaging.com\\\/es\\\/\"},{\"@type\":\"ListItem\",\"position\":2,\"name\":\"Publicidad Creativa\"}]},{\"@type\":\"WebSite\",\"@id\":\"\\\/#website\",\"url\":\"\\\/\",\"name\":\"Zinklar\",\"description\":\"\",\"publisher\":{\"@id\":\"\\\/#organization\"},\"potentialAction\":[{\"@type\":\"SearchAction\",\"target\":{\"@type\":\"EntryPoint\",\"urlTemplate\":\"\\\/?s={search_term_string}\"},\"query-input\":{\"@type\":\"PropertyValueSpecification\",\"valueRequired\":true,\"valueName\":\"search_term_string\"}}],\"inLanguage\":\"es\"},{\"@type\":\"Organization\",\"@id\":\"\\\/#organization\",\"name\":\"Zinklar\",\"url\":\"\\\/\",\"logo\":{\"@type\":\"ImageObject\",\"inLanguage\":\"es\",\"@id\":\"\\\/#\\\/schema\\\/logo\\\/image\\\/\",\"url\":\"https:\\\/\\\/zinklar.com\\\/wp-content\\\/uploads\\\/2023\\\/06\\\/white-logo.svg\",\"contentUrl\":\"https:\\\/\\\/zinklar.com\\\/wp-content\\\/uploads\\\/2023\\\/06\\\/white-logo.svg\",\"width\":115,\"height\":35,\"caption\":\"Zinklar\"},\"image\":{\"@id\":\"\\\/#\\\/schema\\\/logo\\\/image\\\/\"}}]}<\/script>\n<!-- \/ Yoast SEO plugin. -->","yoast_head_json":{"title":"Domina la Publicidad Creativa para un Impacto Duradero","description":"Perfecciona campa\u00f1as, cautiva a la audiencia y despierta fidelidad con una publicidad creativa. \u00bfListo para elevar tu marca?","robots":{"index":"index","follow":"follow","max-snippet":"max-snippet:-1","max-image-preview":"max-image-preview:large","max-video-preview":"max-video-preview:-1"},"canonical":"https:\/\/zinklar.com\/es\/publicidad-creativa\/","og_locale":"es_ES","og_type":"article","og_title":"Domina la Publicidad Creativa para un Impacto Duradero","og_description":"Perfecciona campa\u00f1as, cautiva a la audiencia y despierta fidelidad con una publicidad creativa. \u00bfListo para elevar tu marca?","og_url":"https:\/\/zinklar.com\/es\/publicidad-creativa\/","og_site_name":"Zinklar","article_modified_time":"2025-05-06T07:43:27+00:00","og_image":[{"url":"https:\/\/zinklar.com\/wp-content\/uploads\/2024\/04\/marketunderstanding-graf-1.png","type":"","width":"","height":""}],"twitter_card":"summary_large_image","twitter_misc":{"Tiempo de lectura":"3 minutos"},"schema":{"@context":"https:\/\/schema.org","@graph":[{"@type":"WebPage","@id":"https:\/\/zinklar.com\/es\/publicidad-creativa\/","url":"https:\/\/zinklar.com\/es\/publicidad-creativa\/","name":"Domina la Publicidad Creativa para un Impacto Duradero","isPartOf":{"@id":"\/#website"},"primaryImageOfPage":{"@id":"https:\/\/zinklar.com\/es\/publicidad-creativa\/#primaryimage"},"image":{"@id":"https:\/\/zinklar.com\/es\/publicidad-creativa\/#primaryimage"},"thumbnailUrl":"https:\/\/zinklar.com\/wp-content\/uploads\/2024\/04\/marketunderstanding-graf-1.png","datePublished":"2023-08-24T11:55:18+00:00","dateModified":"2025-05-06T07:43:27+00:00","description":"Perfecciona campa\u00f1as, cautiva a la audiencia y despierta fidelidad con una publicidad creativa. \u00bfListo para elevar tu marca?","breadcrumb":{"@id":"https:\/\/zinklar.com\/es\/publicidad-creativa\/#breadcrumb"},"inLanguage":"es","potentialAction":[{"@type":"ReadAction","target":["https:\/\/zinklar.com\/es\/publicidad-creativa\/"]}]},{"@type":"ImageObject","inLanguage":"es","@id":"https:\/\/zinklar.com\/es\/publicidad-creativa\/#primaryimage","url":"https:\/\/zinklar.com\/wp-content\/uploads\/2024\/04\/marketunderstanding-graf-1.png","contentUrl":"https:\/\/zinklar.com\/wp-content\/uploads\/2024\/04\/marketunderstanding-graf-1.png"},{"@type":"BreadcrumbList","@id":"https:\/\/zinklar.com\/es\/publicidad-creativa\/#breadcrumb","itemListElement":[{"@type":"ListItem","position":1,"name":"Home","item":"https:\/\/zinklarwebsite.wpcomstaging.com\/es\/"},{"@type":"ListItem","position":2,"name":"Publicidad Creativa"}]},{"@type":"WebSite","@id":"\/#website","url":"\/","name":"Zinklar","description":"","publisher":{"@id":"\/#organization"},"potentialAction":[{"@type":"SearchAction","target":{"@type":"EntryPoint","urlTemplate":"\/?s={search_term_string}"},"query-input":{"@type":"PropertyValueSpecification","valueRequired":true,"valueName":"search_term_string"}}],"inLanguage":"es"},{"@type":"Organization","@id":"\/#organization","name":"Zinklar","url":"\/","logo":{"@type":"ImageObject","inLanguage":"es","@id":"\/#\/schema\/logo\/image\/","url":"https:\/\/zinklar.com\/wp-content\/uploads\/2023\/06\/white-logo.svg","contentUrl":"https:\/\/zinklar.com\/wp-content\/uploads\/2023\/06\/white-logo.svg","width":115,"height":35,"caption":"Zinklar"},"image":{"@id":"\/#\/schema\/logo\/image\/"}}]}},"jetpack_shortlink":"https:\/\/wp.me\/PdnyBR-95R","jetpack_sharing_enabled":true,"_links":{"self":[{"href":"https:\/\/zinklar.com\/es\/wp-json\/wp\/v2\/pages\/34959","targetHints":{"allow":["GET"]}}],"collection":[{"href":"https:\/\/zinklar.com\/es\/wp-json\/wp\/v2\/pages"}],"about":[{"href":"https:\/\/zinklar.com\/es\/wp-json\/wp\/v2\/types\/page"}],"author":[{"embeddable":true,"href":"https:\/\/zinklar.com\/es\/wp-json\/wp\/v2\/users\/4"}],"replies":[{"embeddable":true,"href":"https:\/\/zinklar.com\/es\/wp-json\/wp\/v2\/comments?post=34959"}],"version-history":[{"count":11,"href":"https:\/\/zinklar.com\/es\/wp-json\/wp\/v2\/pages\/34959\/revisions"}],"predecessor-version":[{"id":43648,"href":"https:\/\/zinklar.com\/es\/wp-json\/wp\/v2\/pages\/34959\/revisions\/43648"}],"wp:attachment":[{"href":"https:\/\/zinklar.com\/es\/wp-json\/wp\/v2\/media?parent=34959"}],"curies":[{"name":"wp","href":"https:\/\/api.w.org\/{rel}","templated":true}]}}